{"id":4224,"date":"2023-01-23T10:51:15","date_gmt":"2023-01-23T09:51:15","guid":{"rendered":"https:\/\/batega.es\/nosotros"},"modified":"2025-06-27T12:19:58","modified_gmt":"2025-06-27T10:19:58","slug":"nosotros","status":"publish","type":"page","link":"https:\/\/batega.es\/es\/nosotros","title":{"rendered":"Nosotros"},"content":{"rendered":"\t\t<div data-elementor-type=\"wp-page\" data-elementor-id=\"4224\" class=\"elementor elementor-4224 elementor-74\">\n\t\t\t\t\t\t<div class=\"elementor-section elementor-top-section elementor-element elementor-element-e35798c elementor-section-boxed elementor-section-height-default elementor-section-height-default\" data-id=\"e35798c\" data-element_type=\"section\" data-e-type=\"section\" data-settings=\"{&quot;background_background&quot;:&quot;classic&quot;}\">\n\t\t\t\t\t\t<div class=\"elementor-container elementor-column-gap-default\">\n\t\t\t\t\t<div class=\"elementor-column elementor-col-100 elementor-top-column elementor-element elementor-element-fcfb7fb\" data-id=\"fcfb7fb\" data-element_type=\"column\" data-e-type=\"column\">\n\t\t\t<div class=\"elementor-widget-wrap elementor-element-populated\">\n\t\t\t\t\t\t<div class=\"elementor-element elementor-element-261fac0 ui-e-a-animate elementor-widget elementor-widget-highlighted-text\" data-id=\"261fac0\" data-element_type=\"widget\" data-e-type=\"widget\" data-widget_type=\"highlighted-text.default\">\n\t\t\t\t<div class=\"elementor-widget-container\">\n\t\t\t\t\t        <h2 class=\"ui-e--highlighted-text\">\n            <span class=\"ui-e-headline-text elementor-repeater-item-f8eda84\">Nuestra misi\u00f3n es salvar vidas<\/span>        <\/h2>\n    \t\t\t\t<\/div>\n\t\t\t\t<\/div>\n\t\t\t\t\t<\/div>\n\t\t<\/div>\n\t\t\t\t\t<\/div>\n\t\t<\/div>\n\t\t\t\t<div class=\"elementor-section elementor-top-section elementor-element elementor-element-2d031d2 elementor-section-full_width elementor-section-height-default elementor-section-height-default\" data-id=\"2d031d2\" data-element_type=\"section\" data-e-type=\"section\">\n\t\t\t\t\t\t<div class=\"elementor-container elementor-column-gap-no\">\n\t\t\t\t\t<div class=\"elementor-column elementor-col-100 elementor-top-column elementor-element elementor-element-aaad400\" data-id=\"aaad400\" data-element_type=\"column\" data-e-type=\"column\">\n\t\t\t<div class=\"elementor-widget-wrap elementor-element-populated\">\n\t\t\t\t\t\t<section class=\"elementor-section elementor-inner-section elementor-element elementor-element-bd2009e elementor-section-content-middle elementor-section-boxed elementor-section-height-default elementor-section-height-default\" data-id=\"bd2009e\" data-element_type=\"section\" data-e-type=\"section\">\n\t\t\t\t\t\t<div class=\"elementor-container elementor-column-gap-default\">\n\t\t\t\t\t<div class=\"elementor-column elementor-col-50 elementor-inner-column elementor-element elementor-element-9337621\" data-id=\"9337621\" data-element_type=\"column\" data-e-type=\"column\">\n\t\t\t<div class=\"elementor-widget-wrap elementor-element-populated\">\n\t\t\t\t\t\t<div class=\"elementor-element elementor-element-2c90ac2 elementor-widget elementor-widget-html\" data-id=\"2c90ac2\" data-element_type=\"widget\" data-e-type=\"widget\" data-widget_type=\"html.default\">\n\t\t\t\t<div class=\"elementor-widget-container\">\n\t\t\t\t\t<div class=\"ilu-wrapper\">\n    <img decoding=\"async\" class=\"ilu-02\" src=\"\/wp-content\/uploads\/2024\/06\/nosotros.png\">\n<\/div>\t\t\t\t<\/div>\n\t\t\t\t<\/div>\n\t\t\t\t\t<\/div>\n\t\t<\/div>\n\t\t\t\t<div class=\"elementor-column elementor-col-50 elementor-inner-column elementor-element elementor-element-1a9b044\" data-id=\"1a9b044\" data-element_type=\"column\" data-e-type=\"column\">\n\t\t\t<div class=\"elementor-widget-wrap elementor-element-populated\">\n\t\t\t\t\t\t<div class=\"elementor-element elementor-element-99db12c elementor-widget__width-initial elementor-widget-tablet__width-initial elementor-widget-mobile__width-inherit elementor-widget elementor-widget-heading\" data-id=\"99db12c\" data-element_type=\"widget\" data-e-type=\"widget\" data-widget_type=\"heading.default\">\n\t\t\t\t<div class=\"elementor-widget-container\">\n\t\t\t\t\t<h2 class=\"elementor-heading-title elementor-size-default\">Nuestro objetivo, que t\u00fa tambi\u00e9n puedas salvarlas<\/h2>\t\t\t\t<\/div>\n\t\t\t\t<\/div>\n\t\t\t\t<div class=\"elementor-element elementor-element-2fc34b0 elementor-widget elementor-widget-text-editor\" data-id=\"2fc34b0\" data-element_type=\"widget\" data-e-type=\"widget\" data-widget_type=\"text-editor.default\">\n\t\t\t\t<div class=\"elementor-widget-container\">\n\t\t\t\t\t\t\t\t\t<p>Batega naci\u00f3 de la inquietud de un grupo de instructores en Soporte Vital, acreditados por el Consejo Catal\u00e1n de Resucitaci\u00f3n y el European Resuscitation Council y con m\u00e1s de 20 a\u00f1os de experiencia en Sistemas de Emergencias, para difundir las t\u00e9cnicas de Resucitaci\u00f3n Cardiopulmonar a la poblaci\u00f3n general. Y es que estamos convencidos de que \u00e9sta es la mejor herramienta para mejorar el pron\u00f3stico de aquellos que sufren un paro cardio-respiratorio. <\/p>\n<p>Contamos con una extensa red de instructores, todos ellos profesionales en activo en Servicios de Urgencias y Emergencias.<\/p>\n<p>En Batega queremos difundir nuestro conocimiento en Soporte Vital y fomentar el despliegue de desfibriladores automatizados. Los equipos desfibriladores, por un lado, y la formaci\u00f3n, por otro, son la mejor garant\u00eda para las personas que, por razones profesionales o particulares, pueden ser las primeras en intervenir ante un paro card\u00edaco. <\/p>\n<p>Nuestra misi\u00f3n es implementar los planes integrales de cardio-protecci\u00f3n a empresas, f\u00e1bricas, centros comerciales, cines, campos de f\u00fatbol, clubes deportivos, transporte p\u00fablico, hoteles, centros de restauraci\u00f3n, comunidades de vecinos y en cualquier lugar donde exista un compromiso con la salud de las personas.<\/p>\n<p>Cualquier d\u00eda puede pasar muy cerca de ti. Por eso, en Batega te ayudamos a tener las capacidades y las herramientas adecuadas para afrontar con garant\u00edas las situaciones de paros card\u00edacos repentinos. <\/p>\n<p>Porque capacitar a las personas y los espacios con la formaci\u00f3n y las herramientas adecuadas en soporte vital, puede salvar vidas.<\/p>\n\t\t\t\t\t\t\t\t<\/div>\n\t\t\t\t<\/div>\n\t\t\t\t\t<\/div>\n\t\t<\/div>\n\t\t\t\t\t<\/div>\n\t\t<\/section>\n\t\t\t\t\t<\/div>\n\t\t<\/div>\n\t\t\t\t\t<\/div>\n\t\t<\/div>\n\t\t\t\t<section class=\"elementor-section elementor-top-section elementor-element elementor-element-24020c72 elementor-section-boxed elementor-section-height-default elementor-section-height-default\" data-id=\"24020c72\" data-element_type=\"section\" data-e-type=\"section\" data-settings=\"{&quot;background_background&quot;:&quot;classic&quot;}\">\n\t\t\t\t\t\t\t<div class=\"elementor-background-overlay\"><\/div>\n\t\t\t\t\t\t\t<div class=\"elementor-container elementor-column-gap-no\">\n\t\t\t\t\t<div class=\"elementor-column elementor-col-50 elementor-top-column elementor-element elementor-element-1640ec06\" data-id=\"1640ec06\" data-element_type=\"column\" data-e-type=\"column\">\n\t\t\t<div class=\"elementor-widget-wrap elementor-element-populated\">\n\t\t\t\t\t\t<div class=\"elementor-element elementor-element-72237172 elementor-invisible elementor-widget elementor-widget-heading\" data-id=\"72237172\" data-element_type=\"widget\" data-e-type=\"widget\" data-settings=\"{&quot;_animation&quot;:&quot;fadeInLeft&quot;}\" data-widget_type=\"heading.default\">\n\t\t\t\t<div class=\"elementor-widget-container\">\n\t\t\t\t\t<h2 class=\"elementor-heading-title elementor-size-default\">Ponte en contacto<\/h2>\t\t\t\t<\/div>\n\t\t\t\t<\/div>\n\t\t\t\t\t<\/div>\n\t\t<\/div>\n\t\t\t\t<div class=\"elementor-column elementor-col-50 elementor-top-column elementor-element elementor-element-163f2745\" data-id=\"163f2745\" data-element_type=\"column\" data-e-type=\"column\">\n\t\t\t<div class=\"elementor-widget-wrap elementor-element-populated\">\n\t\t\t\t\t\t<div class=\"elementor-element elementor-element-66d078b3 elementor-widget__width-auto elementor-mobile-align-justify elementor-widget-mobile__width-inherit elementor-invisible elementor-widget elementor-widget-button\" data-id=\"66d078b3\" data-element_type=\"widget\" data-e-type=\"widget\" data-settings=\"{&quot;_animation&quot;:&quot;fadeInRight&quot;}\" data-widget_type=\"button.default\">\n\t\t\t\t<div class=\"elementor-widget-container\">\n\t\t\t\t\t\t\t\t\t<div class=\"elementor-button-wrapper\">\n\t\t\t\t\t<a class=\"elementor-button elementor-button-link elementor-size-sm\" href=\"\/es\/contacto\">\n\t\t\t\t\t\t<span class=\"elementor-button-content-wrapper\">\n\t\t\t\t\t\t\t\t\t<span class=\"elementor-button-text\">Contacta<\/span>\n\t\t\t\t\t<\/span>\n\t\t\t\t\t<\/a>\n\t\t\t\t<\/div>\n\t\t\t\t\t\t\t\t<\/div>\n\t\t\t\t<\/div>\n\t\t\t\t\t<\/div>\n\t\t<\/div>\n\t\t\t\t\t<\/div>\n\t\t<\/section>\n\t\t\t\t<\/div>\n\t\t<!-- JOKINITO -_>","protected":false},"excerpt":{"rendered":"<p>Nuestra misi\u00f3n es salvar vidas Nuestro objetivo, que t\u00fa tambi\u00e9n puedas salvarlas Batega naci\u00f3 de la inquietud de un grupo de instructores [&hellip;]<\/p>\n","protected":false},"author":1,"featured_media":0,"parent":0,"menu_order":0,"comment_status":"closed","ping_status":"closed","template":"","meta":{"footnotes":""},"class_list":["post-4224","page","type-page","status-publish","hentry"],"yoast_head":"<!-- This site is optimized with the Yoast SEO plugin v27.5 - https:\/\/yoast.com\/product\/yoast-seo-wordpress\/ -->\n<title>Nosotros - Batega<\/title>\n<meta name=\"robots\" content=\"index, follow, max-snippet:-1, max-image-preview:large, max-video-preview:-1\" \/>\n<link rel=\"canonical\" href=\"https:\/\/batega.es\/es\/nosotros\" \/>\n<meta property=\"og:locale\" content=\"es_ES\" \/>\n<meta property=\"og:type\" content=\"article\" \/>\n<meta property=\"og:title\" content=\"Nosotros - Batega\" \/>\n<meta property=\"og:description\" content=\"Nuestra misi\u00f3n es salvar vidas Nuestro objetivo, que t\u00fa tambi\u00e9n puedas salvarlas Batega naci\u00f3 de la inquietud de un grupo de instructores [&hellip;]\" \/>\n<meta property=\"og:url\" content=\"https:\/\/batega.es\/es\/nosotros\" \/>\n<meta property=\"og:site_name\" content=\"Batega\" \/>\n<meta property=\"article:publisher\" content=\"https:\/\/x.com\/i\/flow\/login?redirect_after_login=bategaelteucor\" \/>\n<meta property=\"article:modified_time\" content=\"2025-06-27T10:19:58+00:00\" \/>\n<meta name=\"twitter:card\" content=\"summary_large_image\" \/>\n<meta name=\"twitter:site\" content=\"@bategaelteucor\" \/>\n<meta name=\"twitter:label1\" content=\"Tiempo de lectura\" \/>\n\t<meta name=\"twitter:data1\" content=\"2 minutos\" \/>\n<script type=\"application\/ld+json\" class=\"yoast-schema-graph\">{\"@context\":\"https:\\\/\\\/schema.org\",\"@graph\":[{\"@type\":\"WebPage\",\"@id\":\"https:\\\/\\\/batega.es\\\/es\\\/nosotros\",\"url\":\"https:\\\/\\\/batega.es\\\/es\\\/nosotros\",\"name\":\"Nosotros - Batega\",\"isPartOf\":{\"@id\":\"https:\\\/\\\/batega.es\\\/#website\"},\"datePublished\":\"2023-01-23T09:51:15+00:00\",\"dateModified\":\"2025-06-27T10:19:58+00:00\",\"breadcrumb\":{\"@id\":\"https:\\\/\\\/batega.es\\\/es\\\/nosotros#breadcrumb\"},\"inLanguage\":\"es\",\"potentialAction\":[{\"@type\":\"ReadAction\",\"target\":[\"https:\\\/\\\/batega.es\\\/es\\\/nosotros\"]}]},{\"@type\":\"BreadcrumbList\",\"@id\":\"https:\\\/\\\/batega.es\\\/es\\\/nosotros#breadcrumb\",\"itemListElement\":[{\"@type\":\"ListItem\",\"position\":1,\"name\":\"Inici\",\"item\":\"https:\\\/\\\/batega.es\\\/\"},{\"@type\":\"ListItem\",\"position\":2,\"name\":\"Nosotros\"}]},{\"@type\":\"WebSite\",\"@id\":\"https:\\\/\\\/batega.es\\\/#website\",\"url\":\"https:\\\/\\\/batega.es\\\/\",\"name\":\"Batega\",\"description\":\"\",\"publisher\":{\"@id\":\"https:\\\/\\\/batega.es\\\/#organization\"},\"potentialAction\":[{\"@type\":\"SearchAction\",\"target\":{\"@type\":\"EntryPoint\",\"urlTemplate\":\"https:\\\/\\\/batega.es\\\/?s={search_term_string}\"},\"query-input\":{\"@type\":\"PropertyValueSpecification\",\"valueRequired\":true,\"valueName\":\"search_term_string\"}}],\"inLanguage\":\"es\"},{\"@type\":\"Organization\",\"@id\":\"https:\\\/\\\/batega.es\\\/#organization\",\"name\":\"Batega\",\"url\":\"https:\\\/\\\/batega.es\\\/\",\"logo\":{\"@type\":\"ImageObject\",\"inLanguage\":\"es\",\"@id\":\"https:\\\/\\\/batega.es\\\/#\\\/schema\\\/logo\\\/image\\\/\",\"url\":\"https:\\\/\\\/batega.es\\\/wp-content\\\/uploads\\\/2024\\\/05\\\/header-logo-1.png\",\"contentUrl\":\"https:\\\/\\\/batega.es\\\/wp-content\\\/uploads\\\/2024\\\/05\\\/header-logo-1.png\",\"width\":306,\"height\":145,\"caption\":\"Batega\"},\"image\":{\"@id\":\"https:\\\/\\\/batega.es\\\/#\\\/schema\\\/logo\\\/image\\\/\"},\"sameAs\":[\"https:\\\/\\\/x.com\\\/i\\\/flow\\\/login?redirect_after_login=bategaelteucor\",\"https:\\\/\\\/x.com\\\/bategaelteucor\",\"https:\\\/\\\/www.linkedin.com\\\/company\\\/batega-electromdica-s-l\\\/?originalSubdomain=es\",\"https:\\\/\\\/www.instagram.com\\\/batega_cardioproteccio\\\/\"]}]}<\/script>\n<!-- \/ Yoast SEO plugin. -->","yoast_head_json":{"title":"Nosotros - Batega","robots":{"index":"index","follow":"follow","max-snippet":"max-snippet:-1","max-image-preview":"max-image-preview:large","max-video-preview":"max-video-preview:-1"},"canonical":"https:\/\/batega.es\/es\/nosotros","og_locale":"es_ES","og_type":"article","og_title":"Nosotros - Batega","og_description":"Nuestra misi\u00f3n es salvar vidas Nuestro objetivo, que t\u00fa tambi\u00e9n puedas salvarlas Batega naci\u00f3 de la inquietud de un grupo de instructores [&hellip;]","og_url":"https:\/\/batega.es\/es\/nosotros","og_site_name":"Batega","article_publisher":"https:\/\/x.com\/i\/flow\/login?redirect_after_login=bategaelteucor","article_modified_time":"2025-06-27T10:19:58+00:00","twitter_card":"summary_large_image","twitter_site":"@bategaelteucor","twitter_misc":{"Tiempo de lectura":"2 minutos"},"schema":{"@context":"https:\/\/schema.org","@graph":[{"@type":"WebPage","@id":"https:\/\/batega.es\/es\/nosotros","url":"https:\/\/batega.es\/es\/nosotros","name":"Nosotros - Batega","isPartOf":{"@id":"https:\/\/batega.es\/#website"},"datePublished":"2023-01-23T09:51:15+00:00","dateModified":"2025-06-27T10:19:58+00:00","breadcrumb":{"@id":"https:\/\/batega.es\/es\/nosotros#breadcrumb"},"inLanguage":"es","potentialAction":[{"@type":"ReadAction","target":["https:\/\/batega.es\/es\/nosotros"]}]},{"@type":"BreadcrumbList","@id":"https:\/\/batega.es\/es\/nosotros#breadcrumb","itemListElement":[{"@type":"ListItem","position":1,"name":"Inici","item":"https:\/\/batega.es\/"},{"@type":"ListItem","position":2,"name":"Nosotros"}]},{"@type":"WebSite","@id":"https:\/\/batega.es\/#website","url":"https:\/\/batega.es\/","name":"Batega","description":"","publisher":{"@id":"https:\/\/batega.es\/#organization"},"potentialAction":[{"@type":"SearchAction","target":{"@type":"EntryPoint","urlTemplate":"https:\/\/batega.es\/?s={search_term_string}"},"query-input":{"@type":"PropertyValueSpecification","valueRequired":true,"valueName":"search_term_string"}}],"inLanguage":"es"},{"@type":"Organization","@id":"https:\/\/batega.es\/#organization","name":"Batega","url":"https:\/\/batega.es\/","logo":{"@type":"ImageObject","inLanguage":"es","@id":"https:\/\/batega.es\/#\/schema\/logo\/image\/","url":"https:\/\/batega.es\/wp-content\/uploads\/2024\/05\/header-logo-1.png","contentUrl":"https:\/\/batega.es\/wp-content\/uploads\/2024\/05\/header-logo-1.png","width":306,"height":145,"caption":"Batega"},"image":{"@id":"https:\/\/batega.es\/#\/schema\/logo\/image\/"},"sameAs":["https:\/\/x.com\/i\/flow\/login?redirect_after_login=bategaelteucor","https:\/\/x.com\/bategaelteucor","https:\/\/www.linkedin.com\/company\/batega-electromdica-s-l\/?originalSubdomain=es","https:\/\/www.instagram.com\/batega_cardioproteccio\/"]}]}},"_links":{"self":[{"href":"https:\/\/batega.es\/es\/wp-json\/wp\/v2\/pages\/4224","targetHints":{"allow":["GET"]}}],"collection":[{"href":"https:\/\/batega.es\/es\/wp-json\/wp\/v2\/pages"}],"about":[{"href":"https:\/\/batega.es\/es\/wp-json\/wp\/v2\/types\/page"}],"author":[{"embeddable":true,"href":"https:\/\/batega.es\/es\/wp-json\/wp\/v2\/users\/1"}],"replies":[{"embeddable":true,"href":"https:\/\/batega.es\/es\/wp-json\/wp\/v2\/comments?post=4224"}],"version-history":[{"count":7,"href":"https:\/\/batega.es\/es\/wp-json\/wp\/v2\/pages\/4224\/revisions"}],"predecessor-version":[{"id":27302,"href":"https:\/\/batega.es\/es\/wp-json\/wp\/v2\/pages\/4224\/revisions\/27302"}],"wp:attachment":[{"href":"https:\/\/batega.es\/es\/wp-json\/wp\/v2\/media?parent=4224"}],"curies":[{"name":"wp","href":"https:\/\/api.w.org\/{rel}","templated":true}]}}