{"id":4238,"date":"2024-05-21T09:07:29","date_gmt":"2024-05-21T07:07:29","guid":{"rendered":"https:\/\/batega.es\/equipos\/desfibriladores"},"modified":"2025-06-27T12:16:03","modified_gmt":"2025-06-27T10:16:03","slug":"desfibriladores","status":"publish","type":"page","link":"https:\/\/batega.es\/es\/equipos\/desfibriladores","title":{"rendered":"Desfibriladores"},"content":{"rendered":"\t\t<div data-elementor-type=\"wp-page\" data-elementor-id=\"4238\" class=\"elementor elementor-4238 elementor-824\" data-elementor-settings=\"{&quot;element_pack_global_tooltip_width&quot;:{&quot;unit&quot;:&quot;px&quot;,&quot;size&quot;:&quot;&quot;,&quot;sizes&quot;:[]},&quot;element_pack_global_tooltip_width_tablet&quot;:{&quot;unit&quot;:&quot;px&quot;,&quot;size&quot;:&quot;&quot;,&quot;sizes&quot;:[]},&quot;element_pack_global_tooltip_width_mobile&quot;:{&quot;unit&quot;:&quot;px&quot;,&quot;size&quot;:&quot;&quot;,&quot;sizes&quot;:[]},&quot;element_pack_global_tooltip_padding&quot;:{&quot;unit&quot;:&quot;px&quot;,&quot;top&quot;:&quot;&quot;,&quot;right&quot;:&quot;&quot;,&quot;bottom&quot;:&quot;&quot;,&quot;left&quot;:&quot;&quot;,&quot;isLinked&quot;:true},&quot;element_pack_global_tooltip_padding_tablet&quot;:{&quot;unit&quot;:&quot;px&quot;,&quot;top&quot;:&quot;&quot;,&quot;right&quot;:&quot;&quot;,&quot;bottom&quot;:&quot;&quot;,&quot;left&quot;:&quot;&quot;,&quot;isLinked&quot;:true},&quot;element_pack_global_tooltip_padding_mobile&quot;:{&quot;unit&quot;:&quot;px&quot;,&quot;top&quot;:&quot;&quot;,&quot;right&quot;:&quot;&quot;,&quot;bottom&quot;:&quot;&quot;,&quot;left&quot;:&quot;&quot;,&quot;isLinked&quot;:true},&quot;element_pack_global_tooltip_border_radius&quot;:{&quot;unit&quot;:&quot;px&quot;,&quot;top&quot;:&quot;&quot;,&quot;right&quot;:&quot;&quot;,&quot;bottom&quot;:&quot;&quot;,&quot;left&quot;:&quot;&quot;,&quot;isLinked&quot;:true},&quot;element_pack_global_tooltip_border_radius_tablet&quot;:{&quot;unit&quot;:&quot;px&quot;,&quot;top&quot;:&quot;&quot;,&quot;right&quot;:&quot;&quot;,&quot;bottom&quot;:&quot;&quot;,&quot;left&quot;:&quot;&quot;,&quot;isLinked&quot;:true},&quot;element_pack_global_tooltip_border_radius_mobile&quot;:{&quot;unit&quot;:&quot;px&quot;,&quot;top&quot;:&quot;&quot;,&quot;right&quot;:&quot;&quot;,&quot;bottom&quot;:&quot;&quot;,&quot;left&quot;:&quot;&quot;,&quot;isLinked&quot;:true}}\">\n\t\t\t\t\t\t<div class=\"elementor-section elementor-top-section elementor-element elementor-element-9748a91 elementor-section-boxed elementor-section-height-default elementor-section-height-default\" data-id=\"9748a91\" data-element_type=\"section\" data-e-type=\"section\" data-settings=\"{&quot;background_background&quot;:&quot;classic&quot;}\">\n\t\t\t\t\t\t<div class=\"elementor-container elementor-column-gap-default\">\n\t\t\t\t\t<div class=\"elementor-column elementor-col-100 elementor-top-column elementor-element elementor-element-7913837 elementor-invisible\" data-id=\"7913837\" data-element_type=\"column\" data-e-type=\"column\" data-settings=\"{&quot;animation&quot;:&quot;fadeInUp&quot;}\">\n\t\t\t<div class=\"elementor-widget-wrap elementor-element-populated\">\n\t\t\t\t\t\t<div class=\"elementor-element elementor-element-662fff0 elementor-widget__width-initial elementor-widget-mobile__width-inherit ui-e-a-animate elementor-widget elementor-widget-highlighted-text\" data-id=\"662fff0\" data-element_type=\"widget\" data-e-type=\"widget\" data-widget_type=\"highlighted-text.default\">\n\t\t\t\t<div class=\"elementor-widget-container\">\n\t\t\t\t\t        <h2 class=\"ui-e--highlighted-text\">\n            <span class=\"ui-e-headline-text elementor-repeater-item-d270c29 ui-e-headline-color\">\n\t\t\t\t\t\t\t\t\t<span class=\"whitespace\"><\/span>\n                                    <span>\n                                        <span class=\"ui-e-headline-text ui-e-headline-highlighted\">Desfibriladores Externos<br>Automatizados (DEA)<\/span><span class=\"uicore-svg-wrapper\"><svg xmlns=\"http:\/\/www.w3.org\/2000\/svg\" viewBox=\"0 0 500 150\" preserveAspectRatio=\"none\"><\/svg><\/span><\/span> <span class=\"whitespace\"> <\/span><\/span>        <\/h2>\n    \t\t\t\t<\/div>\n\t\t\t\t<\/div>\n\t\t\t\t<div class=\"elementor-element elementor-element-6ef6b2a elementor-widget elementor-widget-spacer\" data-id=\"6ef6b2a\" data-element_type=\"widget\" data-e-type=\"widget\" data-widget_type=\"spacer.default\">\n\t\t\t\t<div class=\"elementor-widget-container\">\n\t\t\t\t\t\t\t<div class=\"elementor-spacer\">\n\t\t\t<div class=\"elementor-spacer-inner\"><\/div>\n\t\t<\/div>\n\t\t\t\t\t\t<\/div>\n\t\t\t\t<\/div>\n\t\t\t\t\t<\/div>\n\t\t<\/div>\n\t\t\t\t\t<\/div>\n\t\t<\/div>\n\t\t\t\t<section class=\"elementor-section elementor-top-section elementor-element elementor-element-f4b9bc1 elementor-reverse-tablet elementor-reverse-mobile elementor-section-boxed elementor-section-height-default elementor-section-height-default\" data-id=\"f4b9bc1\" data-element_type=\"section\" data-e-type=\"section\">\n\t\t\t\t\t\t<div class=\"elementor-container elementor-column-gap-default\">\n\t\t\t\t\t<div class=\"elementor-column elementor-col-50 elementor-top-column elementor-element elementor-element-731e105 elementor-invisible\" data-id=\"731e105\" data-element_type=\"column\" data-e-type=\"column\" data-settings=\"{&quot;background_background&quot;:&quot;classic&quot;,&quot;animation&quot;:&quot;fadeIn&quot;}\">\n\t\t\t<div class=\"elementor-widget-wrap elementor-element-populated\">\n\t\t\t\t\t\t<div class=\"elementor-element elementor-element-2a2fb25 elementor-widget__width-inherit elementor-widget elementor-widget-image\" data-id=\"2a2fb25\" data-element_type=\"widget\" data-e-type=\"widget\" data-widget_type=\"image.default\">\n\t\t\t\t<div class=\"elementor-widget-container\">\n\t\t\t\t\t\t\t\t\t\t\t\t\t\t\t<img fetchpriority=\"high\" decoding=\"async\" width=\"1000\" height=\"1000\" src=\"https:\/\/batega.es\/wp-content\/uploads\/2024\/05\/desfibrilador-philips-heartstart-hs1.jpeg\" class=\"attachment-full size-full wp-image-2849\" alt=\"\" srcset=\"https:\/\/batega.es\/wp-content\/uploads\/2024\/05\/desfibrilador-philips-heartstart-hs1.jpeg 1000w, https:\/\/batega.es\/wp-content\/uploads\/2024\/05\/desfibrilador-philips-heartstart-hs1-300x300.jpeg 300w, https:\/\/batega.es\/wp-content\/uploads\/2024\/05\/desfibrilador-philips-heartstart-hs1-150x150.jpeg 150w, https:\/\/batega.es\/wp-content\/uploads\/2024\/05\/desfibrilador-philips-heartstart-hs1-768x768.jpeg 768w, https:\/\/batega.es\/wp-content\/uploads\/2024\/05\/desfibrilador-philips-heartstart-hs1-650x650.jpeg 650w\" sizes=\"(max-width: 1000px) 100vw, 1000px\" \/>\t\t\t\t\t\t\t\t\t\t\t\t\t\t\t<\/div>\n\t\t\t\t<\/div>\n\t\t\t\t\t<\/div>\n\t\t<\/div>\n\t\t\t\t<div class=\"elementor-column elementor-col-50 elementor-top-column elementor-element elementor-element-13987f6 elementor-invisible\" data-id=\"13987f6\" data-element_type=\"column\" data-e-type=\"column\" data-settings=\"{&quot;animation&quot;:&quot;fadeInUp&quot;}\">\n\t\t\t<div class=\"elementor-widget-wrap elementor-element-populated\">\n\t\t\t\t\t\t<div class=\"elementor-element elementor-element-56ecc9f elementor-widget-tablet__width-initial elementor-widget-mobile__width-inherit elementor-widget elementor-widget-heading\" data-id=\"56ecc9f\" data-element_type=\"widget\" data-e-type=\"widget\" data-widget_type=\"heading.default\">\n\t\t\t\t<div class=\"elementor-widget-container\">\n\t\t\t\t\t<h2 class=\"elementor-heading-title elementor-size-default\">DEA<\/h2>\t\t\t\t<\/div>\n\t\t\t\t<\/div>\n\t\t\t\t<div class=\"elementor-element elementor-element-7d20809 elementor-widget-tablet__width-initial elementor-widget-mobile__width-inherit elementor-widget elementor-widget-text-editor\" data-id=\"7d20809\" data-element_type=\"widget\" data-e-type=\"widget\" data-widget_type=\"text-editor.default\">\n\t\t\t\t<div class=\"elementor-widget-container\">\n\t\t\t\t\t\t\t\t\t<p>Un desfibrilador externo automatizado (DEA) es un dispositivo port\u00e1til que trata autom\u00e1ticamente las arritmias card\u00edacas, como la fibrilaci\u00f3n ventricular y la taquicardia ventricular, responsables de provocar el paro card\u00edaco.<\/p>\n<p>El DEA analiza el ritmo card\u00edaco de una persona y, si detecta un ritmo anormal que requiere desfibrilaci\u00f3n, administra una descarga el\u00e9ctrica controlada para tratar de restablecer el ritmo card\u00edaco normal.<\/p>\n<p>Dise\u00f1ado para ser utilizado por cualquier persona, incluso sin formaci\u00f3n sanitaria, el DEA gu\u00eda al usuario con instrucciones visuales y auditivas claras, lo que le convierte en una herramienta esencial para salvar vidas en situaciones de emergencia.<\/p>\n\t\t\t\t\t\t\t\t<\/div>\n\t\t\t\t<\/div>\n\t\t\t\t<div class=\"elementor-element elementor-element-bffd4a8 elementor-align-left elementor-widget elementor-widget-button\" data-id=\"bffd4a8\" data-element_type=\"widget\" data-e-type=\"widget\" data-widget_type=\"button.default\">\n\t\t\t\t<div class=\"elementor-widget-container\">\n\t\t\t\t\t\t\t\t\t<div class=\"elementor-button-wrapper\">\n\t\t\t\t\t<a class=\"elementor-button elementor-button-link elementor-size-sm\" href=\"\/es\/contacto\/\">\n\t\t\t\t\t\t<span class=\"elementor-button-content-wrapper\">\n\t\t\t\t\t\t\t\t\t<span class=\"elementor-button-text\">Solicitar informaci\u00f3n<\/span>\n\t\t\t\t\t<\/span>\n\t\t\t\t\t<\/a>\n\t\t\t\t<\/div>\n\t\t\t\t\t\t\t\t<\/div>\n\t\t\t\t<\/div>\n\t\t\t\t\t<\/div>\n\t\t<\/div>\n\t\t\t\t\t<\/div>\n\t\t<\/section>\n\t\t<div class=\"elementor-element elementor-element-212a5d79 e-flex e-con-boxed e-con e-parent\" data-id=\"212a5d79\" data-element_type=\"container\" data-e-type=\"container\">\n\t\t\t\t\t<div class=\"e-con-inner\">\n\t\t\t\t<div class=\"elementor-element elementor-element-5ce30864 elementor-widget elementor-widget-html\" data-id=\"5ce30864\" data-element_type=\"widget\" data-e-type=\"widget\" data-widget_type=\"html.default\">\n\t\t\t\t<div class=\"elementor-widget-container\">\n\t\t\t\t\t\n<div class=\"related-products-module\">\n    \n  <div class=\"related-products-row\" style=\"display:flex;justify-content: space-between;\">\n    <div class=\"related-products-column\">\n      <img decoding=\"async\" style=\"border-radius:5px;\" src=\"\/wp-content\/uploads\/2024\/07\/DEA-1-650x434.jpg\">\n      <h4>Mindray BeneHeart C1<\/h4>\n      <ul>\n        <li>M\u00ednimo peso: 2 kg<\/li>\n        <li>Medidas reducidas: 28,6 x 21 x 7.8<\/li>\n        <li>Feedback de ayuda durante la RCP <\/li>\n        <li>IP 55 contra polvo y agua<\/li>\n        <li>Selector de modo pedi\u00e1trico (no precisa cambio de electrodos)<\/li>\n        <li>Cobertura con cierre r\u00edgido total <\/li>\n        <li>Auto test diario, semanal, mensual y trimestral con alerta en caso de fallo o rotura<\/li>\n        <li>Grabaci\u00f3n interna de la secuencia y cronolog\u00eda de la intervenci\u00f3n incluida voz<\/li>\n        <li>Sustituci\u00f3n de bater\u00eda y electrodos independiente <\/li>\n        <li>Garant\u00eda: 8 a\u00f1os<\/li>\n      <\/ul>\n    <\/div>\n    <div class=\"related-products-column\">\n      <img decoding=\"async\" style=\"border-radius:5px;\" src=\"\/wp-content\/uploads\/2024\/07\/DEA-2-650x433.jpg\">\n      <h4>CU MEDICAL SP-1<\/h4>\n      <ul>\n        <li>M\u00ednimo peso: 2,4 kg<\/li>\n        <li>Medidas reducidas: 26 x 25,6 x 7<\/li>\n        <li>Selector de modo pedi\u00e1trico (no precisa cambio de electrodos)<\/li>\n        <li>Maleta r\u00edgida y de cobertura total (el equipo queda totalmente protegido)<\/li>\n        <li>Feedback de ayuda durante la RCP <\/li>\n        <li>Auto test diario, semanal y mensual con alerta en caso de fallo o rotura<\/li>\n        <li>Grabaci\u00f3n interna de la secuencia y cronolog\u00eda de la intervenci\u00f3n<\/li>\n        <li>Feedback de ayuda durante la RCP (ritmo sonoro de compresiones)<\/li>\n        <li>Sustituci\u00f3n de bater\u00eda y electrodos independiente <\/li>\n        <li>Pantalla con informaci\u00f3n permanente de estado de bater\u00eda y electrodos<\/li>\n        <li>Volumen con sensor auto ajustable<\/li>\n        <li>Garant\u00eda: 10 a\u00f1os<\/li>\n\n      <\/ul>\n    <\/div>\n    <div class=\"related-products-column\">\n      <img decoding=\"async\" style=\"border-radius:5px;\" src=\"\/wp-content\/uploads\/2024\/07\/DEA-5-650x433.jpg\">\n      <h4>PHILIPS HEARTSTART HS1<\/h4>\n      <ul>\n        <li>M\u00ednimo peso: 1,5 kg<\/li>\n        <li>Medidas reducidas: 21x19x7<\/li>\n        <li>Sustituci\u00f3n e intercambio de electrodos por cartucho<\/li>\n        <li>Encendido autom\u00e1tico abriendo los electrodos<\/li>\n        <li>Maleta r\u00edgida y de cobertura total (el equipo queda totalmente protegido)<\/li>\n        <li>Feedback de ayuda durante la RCP (ritmo sonoro de compresiones)<\/li>\n        <li>Auto test diario, semanal y mensual con alerta sonora en caso de fallo o rotura<\/li>\n        <li>Grabaci\u00f3n interna de la secuencia y cronolog\u00eda de la intervenci\u00f3n<\/li>\n        <li>Comprobaci\u00f3n autom\u00e1tica del estado real del gel conductor de los electrodos<\/li>\n        <li>Sustituci\u00f3n de bater\u00eda y electrodos independiente <\/li>\n       <li>Garant\u00eda: 8 a\u00f1os<\/li>\n      <\/ul>\n    <\/div>\n  <\/div>\n<\/div>\n\n\t\t\t\t<\/div>\n\t\t\t\t<\/div>\n\t\t\t\t\t<\/div>\n\t\t\t\t<\/div>\n\t\t<div class=\"elementor-element elementor-element-2a9fbad e-flex e-con-boxed e-con e-parent\" data-id=\"2a9fbad\" data-element_type=\"container\" data-e-type=\"container\">\n\t\t\t\t\t<div class=\"e-con-inner\">\n\t\t\t\t<div class=\"elementor-element elementor-element-18dc245 elementor-widget elementor-widget-html\" data-id=\"18dc245\" data-element_type=\"widget\" data-e-type=\"widget\" data-widget_type=\"html.default\">\n\t\t\t\t<div class=\"elementor-widget-container\">\n\t\t\t\t\t\n  <div class=\"related-products-module\">\n    <div><h3>Productos Relacionados<\/h3><\/div>\n    <div style=\"display:flex;justify-content: space-between;\">\n      <div style=\"width:30%;\">\n        <img decoding=\"async\" style=\"border:1px solid #d9d9d9;border-radius:5px;\" src=\"\/wp-content\/uploads\/2024\/05\/cabinas-thumb-1.png\">\n        <a href=\"\/es\/equipos\/cabinas\/\"><h4>Cabinas<\/h4><\/a>\n      <\/div>\n      <div style=\"width:30%;\">\n        <img decoding=\"async\" style=\"border:1px solid #d9d9d9;border-radius:5px;\" src=\"\/wp-content\/uploads\/2024\/08\/Batega-112-scaled.jpg\">\n        <a href=\"\/es\/equipos\/fungibles\/\"><h4>Fungibles<\/h4><\/a>\n      <\/div>\n      <div style=\"width:30%;\">\n        <img decoding=\"async\" style=\"border:1px solid #d9d9d9;border-radius:5px;\" src=\"\/wp-content\/uploads\/2024\/07\/S.COMUNICACIO-1-683x1024.jpg\">\n        <a href=\"\/es\/equipos\/sistemas-de-comunicacion\/\"><h4>Sistemas de comunicaci\u00f3n<\/h4><\/a>\n      <\/div>\n    <\/div>\n  <\/div>\t\t\t\t<\/div>\n\t\t\t\t<\/div>\n\t\t\t\t\t<\/div>\n\t\t\t\t<\/div>\n\t\t\t\t<section class=\"elementor-section elementor-top-section elementor-element elementor-element-2d08c8c3 elementor-section-boxed elementor-section-height-default elementor-section-height-default\" data-id=\"2d08c8c3\" data-element_type=\"section\" data-e-type=\"section\" data-settings=\"{&quot;background_background&quot;:&quot;classic&quot;}\">\n\t\t\t\t\t\t\t<div class=\"elementor-background-overlay\"><\/div>\n\t\t\t\t\t\t\t<div class=\"elementor-container elementor-column-gap-no\">\n\t\t\t\t\t<div class=\"elementor-column elementor-col-50 elementor-top-column elementor-element elementor-element-5fda4175\" data-id=\"5fda4175\" data-element_type=\"column\" data-e-type=\"column\">\n\t\t\t<div class=\"elementor-widget-wrap elementor-element-populated\">\n\t\t\t\t\t\t<div class=\"elementor-element elementor-element-3e6f57b9 elementor-widget elementor-widget-heading\" data-id=\"3e6f57b9\" data-element_type=\"widget\" data-e-type=\"widget\" data-widget_type=\"heading.default\">\n\t\t\t\t<div class=\"elementor-widget-container\">\n\t\t\t\t\t<h2 class=\"elementor-heading-title elementor-size-default\">Ponte en contacto<\/h2>\t\t\t\t<\/div>\n\t\t\t\t<\/div>\n\t\t\t\t\t<\/div>\n\t\t<\/div>\n\t\t\t\t<div class=\"elementor-column elementor-col-50 elementor-top-column elementor-element elementor-element-af2f7f1\" data-id=\"af2f7f1\" data-element_type=\"column\" data-e-type=\"column\">\n\t\t\t<div class=\"elementor-widget-wrap elementor-element-populated\">\n\t\t\t\t\t\t<div class=\"elementor-element elementor-element-10b03d6b elementor-widget__width-auto elementor-mobile-align-justify elementor-widget-mobile__width-inherit elementor-widget elementor-widget-button\" data-id=\"10b03d6b\" data-element_type=\"widget\" data-e-type=\"widget\" data-widget_type=\"button.default\">\n\t\t\t\t<div class=\"elementor-widget-container\">\n\t\t\t\t\t\t\t\t\t<div class=\"elementor-button-wrapper\">\n\t\t\t\t\t<a class=\"elementor-button elementor-button-link elementor-size-sm\" href=\"\/es\/contacto\/\">\n\t\t\t\t\t\t<span class=\"elementor-button-content-wrapper\">\n\t\t\t\t\t\t\t\t\t<span class=\"elementor-button-text\">Contacta<\/span>\n\t\t\t\t\t<\/span>\n\t\t\t\t\t<\/a>\n\t\t\t\t<\/div>\n\t\t\t\t\t\t\t\t<\/div>\n\t\t\t\t<\/div>\n\t\t\t\t\t<\/div>\n\t\t<\/div>\n\t\t\t\t\t<\/div>\n\t\t<\/section>\n\t\t\t\t<\/div>\n\t\t<!-- JOKINITO -_>","protected":false},"excerpt":{"rendered":"<p>Desfibriladores ExternosAutomatizados (DEA) DEA Un desfibrilador externo automatizado (DEA) es un dispositivo port\u00e1til que trata autom\u00e1ticamente las arritmias card\u00edacas, como la fibrilaci\u00f3n [&hellip;]<\/p>\n","protected":false},"author":1,"featured_media":0,"parent":4128,"menu_order":0,"comment_status":"closed","ping_status":"closed","template":"","meta":{"footnotes":""},"class_list":["post-4238","page","type-page","status-publish","hentry"],"yoast_head":"<!-- This site is optimized with the Yoast SEO plugin v27.4 - https:\/\/yoast.com\/product\/yoast-seo-wordpress\/ -->\n<title>Desfibriladores - Batega<\/title>\n<meta name=\"robots\" content=\"index, follow, max-snippet:-1, max-image-preview:large, max-video-preview:-1\" \/>\n<link rel=\"canonical\" href=\"https:\/\/batega.es\/es\/equipos\/desfibriladores\" \/>\n<meta property=\"og:locale\" content=\"es_ES\" \/>\n<meta property=\"og:type\" content=\"article\" \/>\n<meta property=\"og:title\" content=\"Desfibriladores - Batega\" \/>\n<meta property=\"og:description\" content=\"Desfibriladores ExternosAutomatizados (DEA) DEA Un desfibrilador externo automatizado (DEA) es un dispositivo port\u00e1til que trata autom\u00e1ticamente las arritmias card\u00edacas, como la fibrilaci\u00f3n [&hellip;]\" \/>\n<meta property=\"og:url\" content=\"https:\/\/batega.es\/es\/equipos\/desfibriladores\" \/>\n<meta property=\"og:site_name\" content=\"Batega\" \/>\n<meta property=\"article:publisher\" content=\"https:\/\/x.com\/i\/flow\/login?redirect_after_login=bategaelteucor\" \/>\n<meta property=\"article:modified_time\" content=\"2025-06-27T10:16:03+00:00\" \/>\n<meta property=\"og:image\" content=\"https:\/\/batega.es\/wp-content\/uploads\/2024\/05\/desfibrilador-philips-heartstart-hs1.jpeg\" \/>\n\t<meta property=\"og:image:width\" content=\"1000\" \/>\n\t<meta property=\"og:image:height\" content=\"1000\" \/>\n\t<meta property=\"og:image:type\" content=\"image\/jpeg\" \/>\n<meta name=\"twitter:card\" content=\"summary_large_image\" \/>\n<meta name=\"twitter:site\" content=\"@bategaelteucor\" \/>\n<meta name=\"twitter:label1\" content=\"Tiempo de lectura\" \/>\n\t<meta name=\"twitter:data1\" content=\"4 minutos\" \/>\n<script type=\"application\/ld+json\" class=\"yoast-schema-graph\">{\"@context\":\"https:\\\/\\\/schema.org\",\"@graph\":[{\"@type\":\"WebPage\",\"@id\":\"https:\\\/\\\/batega.es\\\/es\\\/equipos\\\/desfibriladores\",\"url\":\"https:\\\/\\\/batega.es\\\/es\\\/equipos\\\/desfibriladores\",\"name\":\"Desfibriladores - Batega\",\"isPartOf\":{\"@id\":\"https:\\\/\\\/batega.es\\\/#website\"},\"primaryImageOfPage\":{\"@id\":\"https:\\\/\\\/batega.es\\\/es\\\/equipos\\\/desfibriladores#primaryimage\"},\"image\":{\"@id\":\"https:\\\/\\\/batega.es\\\/es\\\/equipos\\\/desfibriladores#primaryimage\"},\"thumbnailUrl\":\"https:\\\/\\\/batega.es\\\/wp-content\\\/uploads\\\/2024\\\/05\\\/desfibrilador-philips-heartstart-hs1.jpeg\",\"datePublished\":\"2024-05-21T07:07:29+00:00\",\"dateModified\":\"2025-06-27T10:16:03+00:00\",\"breadcrumb\":{\"@id\":\"https:\\\/\\\/batega.es\\\/es\\\/equipos\\\/desfibriladores#breadcrumb\"},\"inLanguage\":\"es\",\"potentialAction\":[{\"@type\":\"ReadAction\",\"target\":[\"https:\\\/\\\/batega.es\\\/es\\\/equipos\\\/desfibriladores\"]}]},{\"@type\":\"ImageObject\",\"inLanguage\":\"es\",\"@id\":\"https:\\\/\\\/batega.es\\\/es\\\/equipos\\\/desfibriladores#primaryimage\",\"url\":\"https:\\\/\\\/batega.es\\\/wp-content\\\/uploads\\\/2024\\\/05\\\/desfibrilador-philips-heartstart-hs1.jpeg\",\"contentUrl\":\"https:\\\/\\\/batega.es\\\/wp-content\\\/uploads\\\/2024\\\/05\\\/desfibrilador-philips-heartstart-hs1.jpeg\"},{\"@type\":\"BreadcrumbList\",\"@id\":\"https:\\\/\\\/batega.es\\\/es\\\/equipos\\\/desfibriladores#breadcrumb\",\"itemListElement\":[{\"@type\":\"ListItem\",\"position\":1,\"name\":\"Inici\",\"item\":\"https:\\\/\\\/batega.es\\\/\"},{\"@type\":\"ListItem\",\"position\":2,\"name\":\"Equipos\",\"item\":\"https:\\\/\\\/batega.es\\\/equipos\"},{\"@type\":\"ListItem\",\"position\":3,\"name\":\"Desfibriladores\"}]},{\"@type\":\"WebSite\",\"@id\":\"https:\\\/\\\/batega.es\\\/#website\",\"url\":\"https:\\\/\\\/batega.es\\\/\",\"name\":\"Batega\",\"description\":\"\",\"publisher\":{\"@id\":\"https:\\\/\\\/batega.es\\\/#organization\"},\"potentialAction\":[{\"@type\":\"SearchAction\",\"target\":{\"@type\":\"EntryPoint\",\"urlTemplate\":\"https:\\\/\\\/batega.es\\\/?s={search_term_string}\"},\"query-input\":{\"@type\":\"PropertyValueSpecification\",\"valueRequired\":true,\"valueName\":\"search_term_string\"}}],\"inLanguage\":\"es\"},{\"@type\":\"Organization\",\"@id\":\"https:\\\/\\\/batega.es\\\/#organization\",\"name\":\"Batega\",\"url\":\"https:\\\/\\\/batega.es\\\/\",\"logo\":{\"@type\":\"ImageObject\",\"inLanguage\":\"es\",\"@id\":\"https:\\\/\\\/batega.es\\\/#\\\/schema\\\/logo\\\/image\\\/\",\"url\":\"https:\\\/\\\/batega.es\\\/wp-content\\\/uploads\\\/2024\\\/05\\\/header-logo-1.png\",\"contentUrl\":\"https:\\\/\\\/batega.es\\\/wp-content\\\/uploads\\\/2024\\\/05\\\/header-logo-1.png\",\"width\":306,\"height\":145,\"caption\":\"Batega\"},\"image\":{\"@id\":\"https:\\\/\\\/batega.es\\\/#\\\/schema\\\/logo\\\/image\\\/\"},\"sameAs\":[\"https:\\\/\\\/x.com\\\/i\\\/flow\\\/login?redirect_after_login=bategaelteucor\",\"https:\\\/\\\/x.com\\\/bategaelteucor\",\"https:\\\/\\\/www.linkedin.com\\\/company\\\/batega-electromdica-s-l\\\/?originalSubdomain=es\",\"https:\\\/\\\/www.instagram.com\\\/batega_cardioproteccio\\\/\"]}]}<\/script>\n<!-- \/ Yoast SEO plugin. -->","yoast_head_json":{"title":"Desfibriladores - Batega","robots":{"index":"index","follow":"follow","max-snippet":"max-snippet:-1","max-image-preview":"max-image-preview:large","max-video-preview":"max-video-preview:-1"},"canonical":"https:\/\/batega.es\/es\/equipos\/desfibriladores","og_locale":"es_ES","og_type":"article","og_title":"Desfibriladores - Batega","og_description":"Desfibriladores ExternosAutomatizados (DEA) DEA Un desfibrilador externo automatizado (DEA) es un dispositivo port\u00e1til que trata autom\u00e1ticamente las arritmias card\u00edacas, como la fibrilaci\u00f3n [&hellip;]","og_url":"https:\/\/batega.es\/es\/equipos\/desfibriladores","og_site_name":"Batega","article_publisher":"https:\/\/x.com\/i\/flow\/login?redirect_after_login=bategaelteucor","article_modified_time":"2025-06-27T10:16:03+00:00","og_image":[{"width":1000,"height":1000,"url":"https:\/\/batega.es\/wp-content\/uploads\/2024\/05\/desfibrilador-philips-heartstart-hs1.jpeg","type":"image\/jpeg"}],"twitter_card":"summary_large_image","twitter_site":"@bategaelteucor","twitter_misc":{"Tiempo de lectura":"4 minutos"},"schema":{"@context":"https:\/\/schema.org","@graph":[{"@type":"WebPage","@id":"https:\/\/batega.es\/es\/equipos\/desfibriladores","url":"https:\/\/batega.es\/es\/equipos\/desfibriladores","name":"Desfibriladores - Batega","isPartOf":{"@id":"https:\/\/batega.es\/#website"},"primaryImageOfPage":{"@id":"https:\/\/batega.es\/es\/equipos\/desfibriladores#primaryimage"},"image":{"@id":"https:\/\/batega.es\/es\/equipos\/desfibriladores#primaryimage"},"thumbnailUrl":"https:\/\/batega.es\/wp-content\/uploads\/2024\/05\/desfibrilador-philips-heartstart-hs1.jpeg","datePublished":"2024-05-21T07:07:29+00:00","dateModified":"2025-06-27T10:16:03+00:00","breadcrumb":{"@id":"https:\/\/batega.es\/es\/equipos\/desfibriladores#breadcrumb"},"inLanguage":"es","potentialAction":[{"@type":"ReadAction","target":["https:\/\/batega.es\/es\/equipos\/desfibriladores"]}]},{"@type":"ImageObject","inLanguage":"es","@id":"https:\/\/batega.es\/es\/equipos\/desfibriladores#primaryimage","url":"https:\/\/batega.es\/wp-content\/uploads\/2024\/05\/desfibrilador-philips-heartstart-hs1.jpeg","contentUrl":"https:\/\/batega.es\/wp-content\/uploads\/2024\/05\/desfibrilador-philips-heartstart-hs1.jpeg"},{"@type":"BreadcrumbList","@id":"https:\/\/batega.es\/es\/equipos\/desfibriladores#breadcrumb","itemListElement":[{"@type":"ListItem","position":1,"name":"Inici","item":"https:\/\/batega.es\/"},{"@type":"ListItem","position":2,"name":"Equipos","item":"https:\/\/batega.es\/equipos"},{"@type":"ListItem","position":3,"name":"Desfibriladores"}]},{"@type":"WebSite","@id":"https:\/\/batega.es\/#website","url":"https:\/\/batega.es\/","name":"Batega","description":"","publisher":{"@id":"https:\/\/batega.es\/#organization"},"potentialAction":[{"@type":"SearchAction","target":{"@type":"EntryPoint","urlTemplate":"https:\/\/batega.es\/?s={search_term_string}"},"query-input":{"@type":"PropertyValueSpecification","valueRequired":true,"valueName":"search_term_string"}}],"inLanguage":"es"},{"@type":"Organization","@id":"https:\/\/batega.es\/#organization","name":"Batega","url":"https:\/\/batega.es\/","logo":{"@type":"ImageObject","inLanguage":"es","@id":"https:\/\/batega.es\/#\/schema\/logo\/image\/","url":"https:\/\/batega.es\/wp-content\/uploads\/2024\/05\/header-logo-1.png","contentUrl":"https:\/\/batega.es\/wp-content\/uploads\/2024\/05\/header-logo-1.png","width":306,"height":145,"caption":"Batega"},"image":{"@id":"https:\/\/batega.es\/#\/schema\/logo\/image\/"},"sameAs":["https:\/\/x.com\/i\/flow\/login?redirect_after_login=bategaelteucor","https:\/\/x.com\/bategaelteucor","https:\/\/www.linkedin.com\/company\/batega-electromdica-s-l\/?originalSubdomain=es","https:\/\/www.instagram.com\/batega_cardioproteccio\/"]}]}},"_links":{"self":[{"href":"https:\/\/batega.es\/es\/wp-json\/wp\/v2\/pages\/4238","targetHints":{"allow":["GET"]}}],"collection":[{"href":"https:\/\/batega.es\/es\/wp-json\/wp\/v2\/pages"}],"about":[{"href":"https:\/\/batega.es\/es\/wp-json\/wp\/v2\/types\/page"}],"author":[{"embeddable":true,"href":"https:\/\/batega.es\/es\/wp-json\/wp\/v2\/users\/1"}],"replies":[{"embeddable":true,"href":"https:\/\/batega.es\/es\/wp-json\/wp\/v2\/comments?post=4238"}],"version-history":[{"count":16,"href":"https:\/\/batega.es\/es\/wp-json\/wp\/v2\/pages\/4238\/revisions"}],"predecessor-version":[{"id":27296,"href":"https:\/\/batega.es\/es\/wp-json\/wp\/v2\/pages\/4238\/revisions\/27296"}],"up":[{"embeddable":true,"href":"https:\/\/batega.es\/es\/wp-json\/wp\/v2\/pages\/4128"}],"wp:attachment":[{"href":"https:\/\/batega.es\/es\/wp-json\/wp\/v2\/media?parent=4238"}],"curies":[{"name":"wp","href":"https:\/\/api.w.org\/{rel}","templated":true}]}}