{"id":4244,"date":"2024-05-22T00:58:15","date_gmt":"2024-05-21T22:58:15","guid":{"rendered":"https:\/\/batega.es\/equipos\/otros"},"modified":"2024-10-13T21:49:27","modified_gmt":"2024-10-13T19:49:27","slug":"otros","status":"publish","type":"page","link":"https:\/\/batega.es\/es\/equipos\/otros","title":{"rendered":"Otros"},"content":{"rendered":"\t\t<div data-elementor-type=\"wp-page\" data-elementor-id=\"4244\" class=\"elementor elementor-4244 elementor-1200\">\n\t\t\t\t\t\t<div class=\"elementor-section elementor-top-section elementor-element elementor-element-9748a91 elementor-section-boxed elementor-section-height-default elementor-section-height-default\" data-id=\"9748a91\" data-element_type=\"section\" data-e-type=\"section\" data-settings=\"{&quot;background_background&quot;:&quot;classic&quot;}\">\n\t\t\t\t\t\t<div class=\"elementor-container elementor-column-gap-default\">\n\t\t\t\t\t<div class=\"elementor-column elementor-col-100 elementor-top-column elementor-element elementor-element-7913837 elementor-invisible\" data-id=\"7913837\" data-element_type=\"column\" data-e-type=\"column\" data-settings=\"{&quot;animation&quot;:&quot;fadeInUp&quot;}\">\n\t\t\t<div class=\"elementor-widget-wrap elementor-element-populated\">\n\t\t\t\t\t\t<div class=\"elementor-element elementor-element-662fff0 elementor-widget__width-initial elementor-widget-mobile__width-inherit ui-e-a-animate elementor-widget elementor-widget-highlighted-text\" data-id=\"662fff0\" data-element_type=\"widget\" data-e-type=\"widget\" data-widget_type=\"highlighted-text.default\">\n\t\t\t\t<div class=\"elementor-widget-container\">\n\t\t\t\t\t        <h2 class=\"ui-e--highlighted-text\">\n            <span class=\"ui-e-headline-text elementor-repeater-item-d270c29 ui-e-headline-color\">\n\t\t\t\t\t\t\t\t\t<span class=\"whitespace\"><\/span>\n                                    <span>\n                                        <span class=\"ui-e-headline-text ui-e-headline-highlighted\">Otros<\/span><span class=\"uicore-svg-wrapper\"><svg xmlns=\"http:\/\/www.w3.org\/2000\/svg\" viewBox=\"0 0 500 150\" preserveAspectRatio=\"none\"><\/svg><\/span><\/span> <span class=\"whitespace\"> <\/span><\/span>        <\/h2>\n    \t\t\t\t<\/div>\n\t\t\t\t<\/div>\n\t\t\t\t<div class=\"elementor-element elementor-element-6ef6b2a elementor-widget elementor-widget-spacer\" data-id=\"6ef6b2a\" data-element_type=\"widget\" data-e-type=\"widget\" data-widget_type=\"spacer.default\">\n\t\t\t\t<div class=\"elementor-widget-container\">\n\t\t\t\t\t\t\t<div class=\"elementor-spacer\">\n\t\t\t<div class=\"elementor-spacer-inner\"><\/div>\n\t\t<\/div>\n\t\t\t\t\t\t<\/div>\n\t\t\t\t<\/div>\n\t\t\t\t\t<\/div>\n\t\t<\/div>\n\t\t\t\t\t<\/div>\n\t\t<\/div>\n\t\t\t\t<section class=\"elementor-section elementor-top-section elementor-element elementor-element-f4b9bc1 elementor-reverse-tablet elementor-reverse-mobile elementor-section-content-middle elementor-section-boxed elementor-section-height-default elementor-section-height-default\" data-id=\"f4b9bc1\" data-element_type=\"section\" data-e-type=\"section\">\n\t\t\t\t\t\t<div class=\"elementor-container elementor-column-gap-default\">\n\t\t\t\t\t<div class=\"elementor-column elementor-col-50 elementor-top-column elementor-element elementor-element-731e105 elementor-invisible\" data-id=\"731e105\" data-element_type=\"column\" data-e-type=\"column\" data-settings=\"{&quot;background_background&quot;:&quot;classic&quot;,&quot;animation&quot;:&quot;fadeIn&quot;}\">\n\t\t\t<div class=\"elementor-widget-wrap elementor-element-populated\">\n\t\t\t\t\t\t<div class=\"elementor-element elementor-element-dc71ab4 elementor-widget__width-inherit elementor-arrows-position-inside elementor-pagination-position-outside elementor-widget elementor-widget-image-carousel\" data-id=\"dc71ab4\" data-element_type=\"widget\" data-e-type=\"widget\" data-settings=\"{&quot;slides_to_show&quot;:&quot;1&quot;,&quot;navigation&quot;:&quot;both&quot;,&quot;autoplay&quot;:&quot;yes&quot;,&quot;pause_on_hover&quot;:&quot;yes&quot;,&quot;pause_on_interaction&quot;:&quot;yes&quot;,&quot;autoplay_speed&quot;:5000,&quot;infinite&quot;:&quot;yes&quot;,&quot;effect&quot;:&quot;slide&quot;,&quot;speed&quot;:500}\" data-widget_type=\"image-carousel.default\">\n\t\t\t\t<div class=\"elementor-widget-container\">\n\t\t\t\t\t\t\t<div class=\"elementor-image-carousel-wrapper swiper\" role=\"region\" aria-roledescription=\"carousel\" aria-label=\"Carrusel de im\u00e1genes\" dir=\"ltr\">\n\t\t\t<div class=\"elementor-image-carousel swiper-wrapper\" aria-live=\"off\">\n\t\t\t\t\t\t\t\t<div class=\"swiper-slide\" role=\"group\" aria-roledescription=\"slide\" aria-label=\"1 de 1\"><figure class=\"swiper-slide-inner\"><img decoding=\"async\" class=\"swiper-slide-image\" src=\"https:\/\/batega.es\/wp-content\/uploads\/2024\/09\/4-1.jpg\" alt=\"4\" \/><\/figure><\/div>\t\t\t<\/div>\n\t\t\t\t\t<\/div>\n\t\t\t\t\t\t<\/div>\n\t\t\t\t<\/div>\n\t\t\t\t\t<\/div>\n\t\t<\/div>\n\t\t\t\t<div class=\"elementor-column elementor-col-50 elementor-top-column elementor-element elementor-element-13987f6 elementor-invisible\" data-id=\"13987f6\" data-element_type=\"column\" data-e-type=\"column\" data-settings=\"{&quot;animation&quot;:&quot;fadeInUp&quot;}\">\n\t\t\t<div class=\"elementor-widget-wrap elementor-element-populated\">\n\t\t\t\t\t\t<div class=\"elementor-element elementor-element-7d20809 elementor-widget-tablet__width-initial elementor-widget-mobile__width-inherit elementor-widget elementor-widget-text-editor\" data-id=\"7d20809\" data-element_type=\"widget\" data-e-type=\"widget\" data-widget_type=\"text-editor.default\">\n\t\t\t\t<div class=\"elementor-widget-container\">\n\t\t\t\t\t\t\t\t\t<p><span style=\"font-weight: 400;\">M\u00e1s all\u00e1 de nuestras especialidades en Apoyo Vital B\u00e1sico, Avanzado y Primeros Auxilios, en Batega velamos por la tranquilidad de nuestros clientes en cualquier aspecto relacionado en medicina y situaciones de emergencia.<\/span><\/p>\n<p><span style=\"font-weight: 400;\">Le daremos respuesta en el equipamiento de electromedicina que su centro sanitario pueda necesitar. Monitores, electrocardi\u00f3grafos, respiradores, etc. <\/span><\/p>\n<p><span style=\"font-weight: 400;\">P\u00eddanos todo lo que necesites<\/span><\/p>\n\t\t\t\t\t\t\t\t<\/div>\n\t\t\t\t<\/div>\n\t\t\t\t<div class=\"elementor-element elementor-element-bffd4a8 elementor-align-left elementor-widget elementor-widget-button\" data-id=\"bffd4a8\" data-element_type=\"widget\" data-e-type=\"widget\" data-widget_type=\"button.default\">\n\t\t\t\t<div class=\"elementor-widget-container\">\n\t\t\t\t\t\t\t\t\t<div class=\"elementor-button-wrapper\">\n\t\t\t\t\t<a class=\"elementor-button elementor-button-link elementor-size-sm\" href=\"\/es\/contacto\/\">\n\t\t\t\t\t\t<span class=\"elementor-button-content-wrapper\">\n\t\t\t\t\t\t\t\t\t<span class=\"elementor-button-text\">Solicitar informaci\u00f3n<\/span>\n\t\t\t\t\t<\/span>\n\t\t\t\t\t<\/a>\n\t\t\t\t<\/div>\n\t\t\t\t\t\t\t\t<\/div>\n\t\t\t\t<\/div>\n\t\t\t\t\t<\/div>\n\t\t<\/div>\n\t\t\t\t\t<\/div>\n\t\t<\/section>\n\t\t<div class=\"elementor-element elementor-element-a590ac5 e-flex e-con-boxed e-con e-parent\" data-id=\"a590ac5\" data-element_type=\"container\" data-e-type=\"container\">\n\t\t\t\t\t<div class=\"e-con-inner\">\n\t\t\t\t<div class=\"elementor-element elementor-element-25d6de2 elementor-widget elementor-widget-html\" data-id=\"25d6de2\" data-element_type=\"widget\" data-e-type=\"widget\" data-widget_type=\"html.default\">\n\t\t\t\t<div class=\"elementor-widget-container\">\n\t\t\t\t\t\n  <div class=\"related-products-module\">\n    <div><h3>Productos Relacionados<\/h3><\/div>\n    <div style=\"display:flex;justify-content: space-between;\">\n      <div style=\"width:30%;\">\n        <img decoding=\"async\" style=\"border:1px solid #d9d9d9;border-radius:5px;\" src=\"\/wp-content\/uploads\/2024\/05\/cabinas-thumb-1.png\">\n        <a href=\"\/es\/equipos\/cabinas\/\"><h4>Cabinas<\/h4><\/a>\n      <\/div>\n      <div style=\"width:30%;\">\n        <img decoding=\"async\" style=\"border:1px solid #d9d9d9;border-radius:5px;\" src=\"\/wp-content\/uploads\/2024\/08\/Batega-112-scaled.jpg\">\n        <a href=\"\/es\/equipos\/fungibles\/\"><h4>Fungibles<\/h4><\/a>\n      <\/div>\n      <div style=\"width:30%;\">\n        <img decoding=\"async\" style=\"border:1px solid #d9d9d9;border-radius:5px;\" src=\"\/wp-content\/uploads\/2024\/07\/S.COMUNICACIO-1-683x1024.jpg\">\n        <a href=\"\/es\/equipos\/sistemas-de-comunicacion\/\"><h4>Sistemas de comunicaci\u00f3n<\/h4><\/a>\n      <\/div>\n    <\/div>\n  <\/div>\t\t\t\t<\/div>\n\t\t\t\t<\/div>\n\t\t\t\t\t<\/div>\n\t\t\t\t<\/div>\n\t\t\t\t<section class=\"elementor-section elementor-top-section elementor-element elementor-element-5b75e959 elementor-section-boxed elementor-section-height-default elementor-section-height-default\" data-id=\"5b75e959\" data-element_type=\"section\" data-e-type=\"section\" data-settings=\"{&quot;background_background&quot;:&quot;classic&quot;}\">\n\t\t\t\t\t\t\t<div class=\"elementor-background-overlay\"><\/div>\n\t\t\t\t\t\t\t<div class=\"elementor-container elementor-column-gap-no\">\n\t\t\t\t\t<div class=\"elementor-column elementor-col-50 elementor-top-column elementor-element elementor-element-14ae7ce0\" data-id=\"14ae7ce0\" data-element_type=\"column\" data-e-type=\"column\">\n\t\t\t<div class=\"elementor-widget-wrap elementor-element-populated\">\n\t\t\t\t\t\t<div class=\"elementor-element elementor-element-522134ec elementor-widget elementor-widget-heading\" data-id=\"522134ec\" data-element_type=\"widget\" data-e-type=\"widget\" data-widget_type=\"heading.default\">\n\t\t\t\t<div class=\"elementor-widget-container\">\n\t\t\t\t\t<h2 class=\"elementor-heading-title elementor-size-default\">Ponte en contacto<\/h2>\t\t\t\t<\/div>\n\t\t\t\t<\/div>\n\t\t\t\t\t<\/div>\n\t\t<\/div>\n\t\t\t\t<div class=\"elementor-column elementor-col-50 elementor-top-column elementor-element elementor-element-33336bf1\" data-id=\"33336bf1\" data-element_type=\"column\" data-e-type=\"column\">\n\t\t\t<div class=\"elementor-widget-wrap elementor-element-populated\">\n\t\t\t\t\t\t<div class=\"elementor-element elementor-element-7627ef3 elementor-widget__width-auto elementor-mobile-align-justify elementor-widget-mobile__width-inherit elementor-widget elementor-widget-button\" data-id=\"7627ef3\" data-element_type=\"widget\" data-e-type=\"widget\" data-widget_type=\"button.default\">\n\t\t\t\t<div class=\"elementor-widget-container\">\n\t\t\t\t\t\t\t\t\t<div class=\"elementor-button-wrapper\">\n\t\t\t\t\t<a class=\"elementor-button elementor-button-link elementor-size-sm\" href=\"\/es\/contacto\/\">\n\t\t\t\t\t\t<span class=\"elementor-button-content-wrapper\">\n\t\t\t\t\t\t\t\t\t<span class=\"elementor-button-text\">Contacta<\/span>\n\t\t\t\t\t<\/span>\n\t\t\t\t\t<\/a>\n\t\t\t\t<\/div>\n\t\t\t\t\t\t\t\t<\/div>\n\t\t\t\t<\/div>\n\t\t\t\t\t<\/div>\n\t\t<\/div>\n\t\t\t\t\t<\/div>\n\t\t<\/section>\n\t\t\t\t<\/div>\n\t\t<!-- JOKINITO -_>","protected":false},"excerpt":{"rendered":"<p>Otros M\u00e1s all\u00e1 de nuestras especialidades en Apoyo Vital B\u00e1sico, Avanzado y Primeros Auxilios, en Batega velamos por la tranquilidad de nuestros [&hellip;]<\/p>\n","protected":false},"author":1,"featured_media":0,"parent":4128,"menu_order":0,"comment_status":"closed","ping_status":"closed","template":"","meta":{"footnotes":""},"class_list":["post-4244","page","type-page","status-publish","hentry"],"yoast_head":"<!-- This site is optimized with the Yoast SEO plugin v27.5 - https:\/\/yoast.com\/product\/yoast-seo-wordpress\/ -->\n<title>Otros - Batega<\/title>\n<meta name=\"robots\" content=\"index, follow, max-snippet:-1, max-image-preview:large, max-video-preview:-1\" \/>\n<link rel=\"canonical\" href=\"https:\/\/batega.es\/equipos\/otros\" \/>\n<meta property=\"og:locale\" content=\"es_ES\" \/>\n<meta property=\"og:type\" content=\"article\" \/>\n<meta property=\"og:title\" content=\"Otros - Batega\" \/>\n<meta property=\"og:description\" content=\"Otros M\u00e1s all\u00e1 de nuestras especialidades en Apoyo Vital B\u00e1sico, Avanzado y Primeros Auxilios, en Batega velamos por la tranquilidad de nuestros [&hellip;]\" \/>\n<meta property=\"og:url\" content=\"https:\/\/batega.es\/equipos\/otros\" \/>\n<meta property=\"og:site_name\" content=\"Batega\" \/>\n<meta property=\"article:publisher\" content=\"https:\/\/x.com\/i\/flow\/login?redirect_after_login=bategaelteucor\" \/>\n<meta property=\"article:modified_time\" content=\"2024-10-13T19:49:27+00:00\" \/>\n<meta property=\"og:image\" content=\"http:\/\/batega.es\/wp-content\/uploads\/2024\/09\/4-1.jpg\" \/>\n<meta name=\"twitter:card\" content=\"summary_large_image\" \/>\n<meta name=\"twitter:site\" content=\"@bategaelteucor\" \/>\n<script type=\"application\/ld+json\" class=\"yoast-schema-graph\">{\"@context\":\"https:\\\/\\\/schema.org\",\"@graph\":[{\"@type\":\"WebPage\",\"@id\":\"https:\\\/\\\/batega.es\\\/equipos\\\/otros\",\"url\":\"https:\\\/\\\/batega.es\\\/equipos\\\/otros\",\"name\":\"Otros - Batega\",\"isPartOf\":{\"@id\":\"https:\\\/\\\/batega.es\\\/#website\"},\"primaryImageOfPage\":{\"@id\":\"https:\\\/\\\/batega.es\\\/equipos\\\/otros#primaryimage\"},\"image\":{\"@id\":\"https:\\\/\\\/batega.es\\\/equipos\\\/otros#primaryimage\"},\"thumbnailUrl\":\"http:\\\/\\\/batega.es\\\/wp-content\\\/uploads\\\/2024\\\/09\\\/4-1.jpg\",\"datePublished\":\"2024-05-21T22:58:15+00:00\",\"dateModified\":\"2024-10-13T19:49:27+00:00\",\"breadcrumb\":{\"@id\":\"https:\\\/\\\/batega.es\\\/equipos\\\/otros#breadcrumb\"},\"inLanguage\":\"es\",\"potentialAction\":[{\"@type\":\"ReadAction\",\"target\":[\"https:\\\/\\\/batega.es\\\/equipos\\\/otros\"]}]},{\"@type\":\"ImageObject\",\"inLanguage\":\"es\",\"@id\":\"https:\\\/\\\/batega.es\\\/equipos\\\/otros#primaryimage\",\"url\":\"http:\\\/\\\/batega.es\\\/wp-content\\\/uploads\\\/2024\\\/09\\\/4-1.jpg\",\"contentUrl\":\"http:\\\/\\\/batega.es\\\/wp-content\\\/uploads\\\/2024\\\/09\\\/4-1.jpg\"},{\"@type\":\"BreadcrumbList\",\"@id\":\"https:\\\/\\\/batega.es\\\/equipos\\\/otros#breadcrumb\",\"itemListElement\":[{\"@type\":\"ListItem\",\"position\":1,\"name\":\"Inici\",\"item\":\"https:\\\/\\\/batega.es\\\/\"},{\"@type\":\"ListItem\",\"position\":2,\"name\":\"Equipos\",\"item\":\"https:\\\/\\\/batega.es\\\/equipos\"},{\"@type\":\"ListItem\",\"position\":3,\"name\":\"Otros\"}]},{\"@type\":\"WebSite\",\"@id\":\"https:\\\/\\\/batega.es\\\/#website\",\"url\":\"https:\\\/\\\/batega.es\\\/\",\"name\":\"Batega\",\"description\":\"\",\"publisher\":{\"@id\":\"https:\\\/\\\/batega.es\\\/#organization\"},\"potentialAction\":[{\"@type\":\"SearchAction\",\"target\":{\"@type\":\"EntryPoint\",\"urlTemplate\":\"https:\\\/\\\/batega.es\\\/?s={search_term_string}\"},\"query-input\":{\"@type\":\"PropertyValueSpecification\",\"valueRequired\":true,\"valueName\":\"search_term_string\"}}],\"inLanguage\":\"es\"},{\"@type\":\"Organization\",\"@id\":\"https:\\\/\\\/batega.es\\\/#organization\",\"name\":\"Batega\",\"url\":\"https:\\\/\\\/batega.es\\\/\",\"logo\":{\"@type\":\"ImageObject\",\"inLanguage\":\"es\",\"@id\":\"https:\\\/\\\/batega.es\\\/#\\\/schema\\\/logo\\\/image\\\/\",\"url\":\"https:\\\/\\\/batega.es\\\/wp-content\\\/uploads\\\/2024\\\/05\\\/header-logo-1.png\",\"contentUrl\":\"https:\\\/\\\/batega.es\\\/wp-content\\\/uploads\\\/2024\\\/05\\\/header-logo-1.png\",\"width\":306,\"height\":145,\"caption\":\"Batega\"},\"image\":{\"@id\":\"https:\\\/\\\/batega.es\\\/#\\\/schema\\\/logo\\\/image\\\/\"},\"sameAs\":[\"https:\\\/\\\/x.com\\\/i\\\/flow\\\/login?redirect_after_login=bategaelteucor\",\"https:\\\/\\\/x.com\\\/bategaelteucor\",\"https:\\\/\\\/www.linkedin.com\\\/company\\\/batega-electromdica-s-l\\\/?originalSubdomain=es\",\"https:\\\/\\\/www.instagram.com\\\/batega_cardioproteccio\\\/\"]}]}<\/script>\n<!-- \/ Yoast SEO plugin. -->","yoast_head_json":{"title":"Otros - Batega","robots":{"index":"index","follow":"follow","max-snippet":"max-snippet:-1","max-image-preview":"max-image-preview:large","max-video-preview":"max-video-preview:-1"},"canonical":"https:\/\/batega.es\/equipos\/otros","og_locale":"es_ES","og_type":"article","og_title":"Otros - Batega","og_description":"Otros M\u00e1s all\u00e1 de nuestras especialidades en Apoyo Vital B\u00e1sico, Avanzado y Primeros Auxilios, en Batega velamos por la tranquilidad de nuestros [&hellip;]","og_url":"https:\/\/batega.es\/equipos\/otros","og_site_name":"Batega","article_publisher":"https:\/\/x.com\/i\/flow\/login?redirect_after_login=bategaelteucor","article_modified_time":"2024-10-13T19:49:27+00:00","og_image":[{"url":"http:\/\/batega.es\/wp-content\/uploads\/2024\/09\/4-1.jpg","type":"","width":"","height":""}],"twitter_card":"summary_large_image","twitter_site":"@bategaelteucor","schema":{"@context":"https:\/\/schema.org","@graph":[{"@type":"WebPage","@id":"https:\/\/batega.es\/equipos\/otros","url":"https:\/\/batega.es\/equipos\/otros","name":"Otros - Batega","isPartOf":{"@id":"https:\/\/batega.es\/#website"},"primaryImageOfPage":{"@id":"https:\/\/batega.es\/equipos\/otros#primaryimage"},"image":{"@id":"https:\/\/batega.es\/equipos\/otros#primaryimage"},"thumbnailUrl":"http:\/\/batega.es\/wp-content\/uploads\/2024\/09\/4-1.jpg","datePublished":"2024-05-21T22:58:15+00:00","dateModified":"2024-10-13T19:49:27+00:00","breadcrumb":{"@id":"https:\/\/batega.es\/equipos\/otros#breadcrumb"},"inLanguage":"es","potentialAction":[{"@type":"ReadAction","target":["https:\/\/batega.es\/equipos\/otros"]}]},{"@type":"ImageObject","inLanguage":"es","@id":"https:\/\/batega.es\/equipos\/otros#primaryimage","url":"http:\/\/batega.es\/wp-content\/uploads\/2024\/09\/4-1.jpg","contentUrl":"http:\/\/batega.es\/wp-content\/uploads\/2024\/09\/4-1.jpg"},{"@type":"BreadcrumbList","@id":"https:\/\/batega.es\/equipos\/otros#breadcrumb","itemListElement":[{"@type":"ListItem","position":1,"name":"Inici","item":"https:\/\/batega.es\/"},{"@type":"ListItem","position":2,"name":"Equipos","item":"https:\/\/batega.es\/equipos"},{"@type":"ListItem","position":3,"name":"Otros"}]},{"@type":"WebSite","@id":"https:\/\/batega.es\/#website","url":"https:\/\/batega.es\/","name":"Batega","description":"","publisher":{"@id":"https:\/\/batega.es\/#organization"},"potentialAction":[{"@type":"SearchAction","target":{"@type":"EntryPoint","urlTemplate":"https:\/\/batega.es\/?s={search_term_string}"},"query-input":{"@type":"PropertyValueSpecification","valueRequired":true,"valueName":"search_term_string"}}],"inLanguage":"es"},{"@type":"Organization","@id":"https:\/\/batega.es\/#organization","name":"Batega","url":"https:\/\/batega.es\/","logo":{"@type":"ImageObject","inLanguage":"es","@id":"https:\/\/batega.es\/#\/schema\/logo\/image\/","url":"https:\/\/batega.es\/wp-content\/uploads\/2024\/05\/header-logo-1.png","contentUrl":"https:\/\/batega.es\/wp-content\/uploads\/2024\/05\/header-logo-1.png","width":306,"height":145,"caption":"Batega"},"image":{"@id":"https:\/\/batega.es\/#\/schema\/logo\/image\/"},"sameAs":["https:\/\/x.com\/i\/flow\/login?redirect_after_login=bategaelteucor","https:\/\/x.com\/bategaelteucor","https:\/\/www.linkedin.com\/company\/batega-electromdica-s-l\/?originalSubdomain=es","https:\/\/www.instagram.com\/batega_cardioproteccio\/"]}]}},"_links":{"self":[{"href":"https:\/\/batega.es\/es\/wp-json\/wp\/v2\/pages\/4244","targetHints":{"allow":["GET"]}}],"collection":[{"href":"https:\/\/batega.es\/es\/wp-json\/wp\/v2\/pages"}],"about":[{"href":"https:\/\/batega.es\/es\/wp-json\/wp\/v2\/types\/page"}],"author":[{"embeddable":true,"href":"https:\/\/batega.es\/es\/wp-json\/wp\/v2\/users\/1"}],"replies":[{"embeddable":true,"href":"https:\/\/batega.es\/es\/wp-json\/wp\/v2\/comments?post=4244"}],"version-history":[{"count":19,"href":"https:\/\/batega.es\/es\/wp-json\/wp\/v2\/pages\/4244\/revisions"}],"predecessor-version":[{"id":5036,"href":"https:\/\/batega.es\/es\/wp-json\/wp\/v2\/pages\/4244\/revisions\/5036"}],"up":[{"embeddable":true,"href":"https:\/\/batega.es\/es\/wp-json\/wp\/v2\/pages\/4128"}],"wp:attachment":[{"href":"https:\/\/batega.es\/es\/wp-json\/wp\/v2\/media?parent=4244"}],"curies":[{"name":"wp","href":"https:\/\/api.w.org\/{rel}","templated":true}]}}