{"id":4282,"date":"2024-05-22T07:53:45","date_gmt":"2024-05-22T05:53:45","guid":{"rendered":"https:\/\/batega.es\/equipos\/sistemas-de-comunicacion"},"modified":"2024-10-13T21:47:20","modified_gmt":"2024-10-13T19:47:20","slug":"sistemas-de-comunicacion","status":"publish","type":"page","link":"https:\/\/batega.es\/es\/equipos\/sistemas-de-comunicacion","title":{"rendered":"Sistemas de comunicaci\u00f3n"},"content":{"rendered":"\t\t<div data-elementor-type=\"wp-page\" data-elementor-id=\"4282\" class=\"elementor elementor-4282 elementor-1369\">\n\t\t\t\t\t\t<div class=\"elementor-section elementor-top-section elementor-element elementor-element-9748a91 elementor-section-boxed elementor-section-height-default elementor-section-height-default\" data-id=\"9748a91\" data-element_type=\"section\" data-e-type=\"section\" data-settings=\"{&quot;background_background&quot;:&quot;classic&quot;}\">\n\t\t\t\t\t\t<div class=\"elementor-container elementor-column-gap-default\">\n\t\t\t\t\t<div class=\"elementor-column elementor-col-100 elementor-top-column elementor-element elementor-element-7913837 elementor-invisible\" data-id=\"7913837\" data-element_type=\"column\" data-e-type=\"column\" data-settings=\"{&quot;animation&quot;:&quot;fadeInUp&quot;}\">\n\t\t\t<div class=\"elementor-widget-wrap elementor-element-populated\">\n\t\t\t\t\t\t<div class=\"elementor-element elementor-element-662fff0 elementor-widget__width-initial elementor-widget-mobile__width-inherit ui-e-a-animate elementor-widget elementor-widget-highlighted-text\" data-id=\"662fff0\" data-element_type=\"widget\" data-e-type=\"widget\" data-widget_type=\"highlighted-text.default\">\n\t\t\t\t<div class=\"elementor-widget-container\">\n\t\t\t\t\t        <h2 class=\"ui-e--highlighted-text\">\n            <span class=\"ui-e-headline-text elementor-repeater-item-d270c29 ui-e-headline-color\">\n\t\t\t\t\t\t\t\t\t<span class=\"whitespace\"><\/span>\n                                    <span>\n                                        <span class=\"ui-e-headline-text ui-e-headline-highlighted\">Sistemas de comunicaci\u00f3n<\/span><span class=\"uicore-svg-wrapper\"><svg xmlns=\"http:\/\/www.w3.org\/2000\/svg\" viewBox=\"0 0 500 150\" preserveAspectRatio=\"none\"><\/svg><\/span><\/span> <span class=\"whitespace\"> <\/span><\/span>        <\/h2>\n    \t\t\t\t<\/div>\n\t\t\t\t<\/div>\n\t\t\t\t<div class=\"elementor-element elementor-element-6ef6b2a elementor-widget elementor-widget-spacer\" data-id=\"6ef6b2a\" data-element_type=\"widget\" data-e-type=\"widget\" data-widget_type=\"spacer.default\">\n\t\t\t\t<div class=\"elementor-widget-container\">\n\t\t\t\t\t\t\t<div class=\"elementor-spacer\">\n\t\t\t<div class=\"elementor-spacer-inner\"><\/div>\n\t\t<\/div>\n\t\t\t\t\t\t<\/div>\n\t\t\t\t<\/div>\n\t\t\t\t\t<\/div>\n\t\t<\/div>\n\t\t\t\t\t<\/div>\n\t\t<\/div>\n\t\t\t\t<section class=\"elementor-section elementor-top-section elementor-element elementor-element-f4b9bc1 elementor-reverse-tablet elementor-reverse-mobile elementor-section-boxed elementor-section-height-default elementor-section-height-default\" data-id=\"f4b9bc1\" data-element_type=\"section\" data-e-type=\"section\">\n\t\t\t\t\t\t<div class=\"elementor-container elementor-column-gap-default\">\n\t\t\t\t\t<div class=\"elementor-column elementor-col-50 elementor-top-column elementor-element elementor-element-731e105 elementor-invisible\" data-id=\"731e105\" data-element_type=\"column\" data-e-type=\"column\" data-settings=\"{&quot;background_background&quot;:&quot;classic&quot;,&quot;animation&quot;:&quot;fadeIn&quot;}\">\n\t\t\t<div class=\"elementor-widget-wrap elementor-element-populated\">\n\t\t\t\t\t\t<div class=\"elementor-element elementor-element-0c82036 elementor-arrows-position-inside elementor-pagination-position-outside elementor-widget elementor-widget-image-carousel\" data-id=\"0c82036\" data-element_type=\"widget\" data-e-type=\"widget\" data-settings=\"{&quot;slides_to_show&quot;:&quot;1&quot;,&quot;navigation&quot;:&quot;both&quot;,&quot;autoplay&quot;:&quot;yes&quot;,&quot;pause_on_hover&quot;:&quot;yes&quot;,&quot;pause_on_interaction&quot;:&quot;yes&quot;,&quot;autoplay_speed&quot;:5000,&quot;infinite&quot;:&quot;yes&quot;,&quot;effect&quot;:&quot;slide&quot;,&quot;speed&quot;:500}\" data-widget_type=\"image-carousel.default\">\n\t\t\t\t<div class=\"elementor-widget-container\">\n\t\t\t\t\t\t\t<div class=\"elementor-image-carousel-wrapper swiper\" role=\"region\" aria-roledescription=\"carousel\" aria-label=\"Carrusel de im\u00e1genes\" dir=\"ltr\">\n\t\t\t<div class=\"elementor-image-carousel swiper-wrapper\" aria-live=\"off\">\n\t\t\t\t\t\t\t\t<div class=\"swiper-slide\" role=\"group\" aria-roledescription=\"slide\" aria-label=\"1 de 2\"><figure class=\"swiper-slide-inner\"><img decoding=\"async\" class=\"swiper-slide-image\" src=\"https:\/\/batega.es\/wp-content\/uploads\/2024\/07\/S.COMUNICACIO-2-1024x683.jpg\" alt=\"S.COMUNICACIO\u0301 2\" \/><\/figure><\/div><div class=\"swiper-slide\" role=\"group\" aria-roledescription=\"slide\" aria-label=\"2 de 2\"><figure class=\"swiper-slide-inner\"><img decoding=\"async\" class=\"swiper-slide-image\" src=\"https:\/\/batega.es\/wp-content\/uploads\/2024\/09\/3-1024x770.jpg\" alt=\"3\" \/><\/figure><\/div>\t\t\t<\/div>\n\t\t\t\t\t\t\t\t\t\t\t\t<div class=\"elementor-swiper-button elementor-swiper-button-prev\" role=\"button\" tabindex=\"0\">\n\t\t\t\t\t\t<svg aria-hidden=\"true\" class=\"e-font-icon-svg e-eicon-chevron-left\" viewBox=\"0 0 1000 1000\" xmlns=\"http:\/\/www.w3.org\/2000\/svg\"><path d=\"M646 125C629 125 613 133 604 142L308 442C296 454 292 471 292 487 292 504 296 521 308 533L604 854C617 867 629 875 646 875 663 875 679 871 692 858 704 846 713 829 713 812 713 796 708 779 692 767L438 487 692 225C700 217 708 204 708 187 708 171 704 154 692 142 675 129 663 125 646 125Z\"><\/path><\/svg>\t\t\t\t\t<\/div>\n\t\t\t\t\t<div class=\"elementor-swiper-button elementor-swiper-button-next\" role=\"button\" tabindex=\"0\">\n\t\t\t\t\t\t<svg aria-hidden=\"true\" class=\"e-font-icon-svg e-eicon-chevron-right\" viewBox=\"0 0 1000 1000\" xmlns=\"http:\/\/www.w3.org\/2000\/svg\"><path d=\"M696 533C708 521 713 504 713 487 713 471 708 454 696 446L400 146C388 133 375 125 354 125 338 125 325 129 313 142 300 154 292 171 292 187 292 204 296 221 308 233L563 492 304 771C292 783 288 800 288 817 288 833 296 850 308 863 321 871 338 875 354 875 371 875 388 867 400 854L696 533Z\"><\/path><\/svg>\t\t\t\t\t<\/div>\n\t\t\t\t\n\t\t\t\t\t\t\t\t\t<div class=\"swiper-pagination\"><\/div>\n\t\t\t\t\t\t\t\t\t<\/div>\n\t\t\t\t\t\t<\/div>\n\t\t\t\t<\/div>\n\t\t\t\t\t<\/div>\n\t\t<\/div>\n\t\t\t\t<div class=\"elementor-column elementor-col-50 elementor-top-column elementor-element elementor-element-13987f6 elementor-invisible\" data-id=\"13987f6\" data-element_type=\"column\" data-e-type=\"column\" data-settings=\"{&quot;animation&quot;:&quot;fadeInUp&quot;}\">\n\t\t\t<div class=\"elementor-widget-wrap elementor-element-populated\">\n\t\t\t\t\t\t<div class=\"elementor-element elementor-element-7d20809 elementor-widget-tablet__width-initial elementor-widget-mobile__width-inherit elementor-widget elementor-widget-text-editor\" data-id=\"7d20809\" data-element_type=\"widget\" data-e-type=\"widget\" data-widget_type=\"text-editor.default\">\n\t\t\t\t<div class=\"elementor-widget-container\">\n\t\t\t\t\t\t\t\t\t<p><span style=\"font-weight: 400;\">Los sistemas de comunicaci\u00f3n de los desfibriladores externos automatizados, est\u00e1n dise\u00f1ados para asegurar la llamada inmediata y autom\u00e1tica a los servicios de emergencias-112.<\/span><\/p>\n<p><span style=\"font-weight: 400;\">Ofrecemos servicios de conectividad para DEAs, para optimizar su mantenimiento y supervisi\u00f3n mediante conexiones aut\u00f3nomas. Se trata de sistemas de comunicaci\u00f3n que permiten la detecci\u00f3n de incidencias en tiempo real y la comunicaci\u00f3n para solicitar asistencia t\u00e9cnica a nuestro equipo, as\u00ed como para el seguimiento y supervisi\u00f3n de la incidencia detectada. <\/span><\/p>\n<p><span style=\"font-weight: 400;\">Nuestros sistemas gestionan la llamada en modo manos libres desde el propio desfibrilador aunque \u00e9ste se desplace del punto habitual, garantizando que el reanimador aproveche el apoyo proporcionado por los servicios de emergencia.<\/span><\/p>\n\t\t\t\t\t\t\t\t<\/div>\n\t\t\t\t<\/div>\n\t\t\t\t<div class=\"elementor-element elementor-element-bffd4a8 elementor-align-left elementor-widget elementor-widget-button\" data-id=\"bffd4a8\" data-element_type=\"widget\" data-e-type=\"widget\" data-widget_type=\"button.default\">\n\t\t\t\t<div class=\"elementor-widget-container\">\n\t\t\t\t\t\t\t\t\t<div class=\"elementor-button-wrapper\">\n\t\t\t\t\t<a class=\"elementor-button elementor-button-link elementor-size-sm\" href=\"\/es\/contacto\/\">\n\t\t\t\t\t\t<span class=\"elementor-button-content-wrapper\">\n\t\t\t\t\t\t\t\t\t<span class=\"elementor-button-text\">Solicitar informaci\u00f3n<\/span>\n\t\t\t\t\t<\/span>\n\t\t\t\t\t<\/a>\n\t\t\t\t<\/div>\n\t\t\t\t\t\t\t\t<\/div>\n\t\t\t\t<\/div>\n\t\t\t\t\t<\/div>\n\t\t<\/div>\n\t\t\t\t\t<\/div>\n\t\t<\/section>\n\t\t<div class=\"elementor-element elementor-element-3ba77ce2 e-flex e-con-boxed e-con e-parent\" data-id=\"3ba77ce2\" data-element_type=\"container\" data-e-type=\"container\">\n\t\t\t\t\t<div class=\"e-con-inner\">\n\t\t\t\t<div class=\"elementor-element elementor-element-7df0e1ee elementor-widget elementor-widget-html\" data-id=\"7df0e1ee\" data-element_type=\"widget\" data-e-type=\"widget\" data-widget_type=\"html.default\">\n\t\t\t\t<div class=\"elementor-widget-container\">\n\t\t\t\t\t\n  <div class=\"related-products-module\">\n    <div><h3>Productos Relacionados<\/h3><\/div>\n    <div style=\"display:flex;justify-content: space-between;\">\n      <div style=\"width:30%;\">\n        <img decoding=\"async\" style=\"border:1px solid #d9d9d9;border-radius:5px;\" src=\"\/wp-content\/uploads\/2024\/05\/dea-thumb.png\">\n        <a href=\"\/es\/equipos\/desfibriladores\/\"><h4>Desfibriladores<\/h4><\/a>\n      <\/div>\n      <div style=\"width:30%;\">\n        <img decoding=\"async\" style=\"border:1px solid #d9d9d9;border-radius:5px;\" src=\"\/wp-content\/uploads\/2024\/08\/Batega-112-scaled.jpg\">\n        <a href=\"\/es\/equipos\/fungibles\/\"><h4>Fungibles<\/h4><\/a>\n      <\/div>\n      <div style=\"width:30%;\">\n        <img decoding=\"async\" style=\"border:1px solid #d9d9d9;border-radius:5px;\" src=\"\/wp-content\/uploads\/2024\/05\/cabinas-thumb.png\">\n        <a href=\"\/es\/equipos\/cabinas\/\"><h4>Cabinas<\/h4><\/a>\n      <\/div>\n    <\/div>\n  <\/div>\t\t\t\t<\/div>\n\t\t\t\t<\/div>\n\t\t\t\t\t<\/div>\n\t\t\t\t<\/div>\n\t\t\t\t<section class=\"elementor-section elementor-top-section elementor-element elementor-element-700e11c3 elementor-section-boxed elementor-section-height-default elementor-section-height-default\" data-id=\"700e11c3\" data-element_type=\"section\" data-e-type=\"section\" data-settings=\"{&quot;background_background&quot;:&quot;classic&quot;}\">\n\t\t\t\t\t\t\t<div class=\"elementor-background-overlay\"><\/div>\n\t\t\t\t\t\t\t<div class=\"elementor-container elementor-column-gap-no\">\n\t\t\t\t\t<div class=\"elementor-column elementor-col-50 elementor-top-column elementor-element elementor-element-1608eca0\" data-id=\"1608eca0\" data-element_type=\"column\" data-e-type=\"column\">\n\t\t\t<div class=\"elementor-widget-wrap elementor-element-populated\">\n\t\t\t\t\t\t<div class=\"elementor-element elementor-element-27862c2 elementor-widget elementor-widget-heading\" data-id=\"27862c2\" data-element_type=\"widget\" data-e-type=\"widget\" data-widget_type=\"heading.default\">\n\t\t\t\t<div class=\"elementor-widget-container\">\n\t\t\t\t\t<h2 class=\"elementor-heading-title elementor-size-default\">Ponte en contacto<\/h2>\t\t\t\t<\/div>\n\t\t\t\t<\/div>\n\t\t\t\t\t<\/div>\n\t\t<\/div>\n\t\t\t\t<div class=\"elementor-column elementor-col-50 elementor-top-column elementor-element elementor-element-470c495c\" data-id=\"470c495c\" data-element_type=\"column\" data-e-type=\"column\">\n\t\t\t<div class=\"elementor-widget-wrap elementor-element-populated\">\n\t\t\t\t\t\t<div class=\"elementor-element elementor-element-54966515 elementor-widget__width-auto elementor-mobile-align-justify elementor-widget-mobile__width-inherit elementor-widget elementor-widget-button\" data-id=\"54966515\" data-element_type=\"widget\" data-e-type=\"widget\" data-widget_type=\"button.default\">\n\t\t\t\t<div class=\"elementor-widget-container\">\n\t\t\t\t\t\t\t\t\t<div class=\"elementor-button-wrapper\">\n\t\t\t\t\t<a class=\"elementor-button elementor-button-link elementor-size-sm\" href=\"\/es\/contacto\/\">\n\t\t\t\t\t\t<span class=\"elementor-button-content-wrapper\">\n\t\t\t\t\t\t\t\t\t<span class=\"elementor-button-text\">Contacta<\/span>\n\t\t\t\t\t<\/span>\n\t\t\t\t\t<\/a>\n\t\t\t\t<\/div>\n\t\t\t\t\t\t\t\t<\/div>\n\t\t\t\t<\/div>\n\t\t\t\t\t<\/div>\n\t\t<\/div>\n\t\t\t\t\t<\/div>\n\t\t<\/section>\n\t\t\t\t<\/div>\n\t\t<!-- JOKINITO -_>","protected":false},"excerpt":{"rendered":"<p>Sistemas de comunicaci\u00f3n Los sistemas de comunicaci\u00f3n de los desfibriladores externos automatizados, est\u00e1n dise\u00f1ados para asegurar la llamada inmediata y autom\u00e1tica a [&hellip;]<\/p>\n","protected":false},"author":1,"featured_media":0,"parent":4128,"menu_order":0,"comment_status":"closed","ping_status":"closed","template":"","meta":{"footnotes":""},"class_list":["post-4282","page","type-page","status-publish","hentry"],"yoast_head":"<!-- This site is optimized with the Yoast SEO plugin v27.6 - https:\/\/yoast.com\/product\/yoast-seo-wordpress\/ -->\n<title>Sistemas de comunicaci\u00f3n - Batega<\/title>\n<meta name=\"robots\" content=\"index, follow, max-snippet:-1, max-image-preview:large, max-video-preview:-1\" \/>\n<link rel=\"canonical\" href=\"https:\/\/batega.es\/equipos\/sistemas-de-comunicacion\" \/>\n<meta property=\"og:locale\" content=\"es_ES\" \/>\n<meta property=\"og:type\" content=\"article\" \/>\n<meta property=\"og:title\" content=\"Sistemas de comunicaci\u00f3n - Batega\" \/>\n<meta property=\"og:description\" content=\"Sistemas de comunicaci\u00f3n Los sistemas de comunicaci\u00f3n de los desfibriladores externos automatizados, est\u00e1n dise\u00f1ados para asegurar la llamada inmediata y autom\u00e1tica a [&hellip;]\" \/>\n<meta property=\"og:url\" content=\"https:\/\/batega.es\/equipos\/sistemas-de-comunicacion\" \/>\n<meta property=\"og:site_name\" content=\"Batega\" \/>\n<meta property=\"article:publisher\" content=\"https:\/\/x.com\/i\/flow\/login?redirect_after_login=bategaelteucor\" \/>\n<meta property=\"article:modified_time\" content=\"2024-10-13T19:47:20+00:00\" \/>\n<meta property=\"og:image\" content=\"http:\/\/batega.es\/wp-content\/uploads\/2024\/07\/S.COMUNICACIO-2-1024x683.jpg\" \/>\n<meta name=\"twitter:card\" content=\"summary_large_image\" \/>\n<meta name=\"twitter:site\" content=\"@bategaelteucor\" \/>\n<meta name=\"twitter:label1\" content=\"Tiempo de lectura\" \/>\n\t<meta name=\"twitter:data1\" content=\"1 minuto\" \/>\n<script type=\"application\/ld+json\" class=\"yoast-schema-graph\">{\"@context\":\"https:\\\/\\\/schema.org\",\"@graph\":[{\"@type\":\"WebPage\",\"@id\":\"https:\\\/\\\/batega.es\\\/equipos\\\/sistemas-de-comunicacion\",\"url\":\"https:\\\/\\\/batega.es\\\/equipos\\\/sistemas-de-comunicacion\",\"name\":\"Sistemas de comunicaci\u00f3n - Batega\",\"isPartOf\":{\"@id\":\"https:\\\/\\\/batega.es\\\/#website\"},\"primaryImageOfPage\":{\"@id\":\"https:\\\/\\\/batega.es\\\/equipos\\\/sistemas-de-comunicacion#primaryimage\"},\"image\":{\"@id\":\"https:\\\/\\\/batega.es\\\/equipos\\\/sistemas-de-comunicacion#primaryimage\"},\"thumbnailUrl\":\"http:\\\/\\\/batega.es\\\/wp-content\\\/uploads\\\/2024\\\/07\\\/S.COMUNICACIO-2-1024x683.jpg\",\"datePublished\":\"2024-05-22T05:53:45+00:00\",\"dateModified\":\"2024-10-13T19:47:20+00:00\",\"breadcrumb\":{\"@id\":\"https:\\\/\\\/batega.es\\\/equipos\\\/sistemas-de-comunicacion#breadcrumb\"},\"inLanguage\":\"es\",\"potentialAction\":[{\"@type\":\"ReadAction\",\"target\":[\"https:\\\/\\\/batega.es\\\/equipos\\\/sistemas-de-comunicacion\"]}]},{\"@type\":\"ImageObject\",\"inLanguage\":\"es\",\"@id\":\"https:\\\/\\\/batega.es\\\/equipos\\\/sistemas-de-comunicacion#primaryimage\",\"url\":\"http:\\\/\\\/batega.es\\\/wp-content\\\/uploads\\\/2024\\\/07\\\/S.COMUNICACIO-2-1024x683.jpg\",\"contentUrl\":\"http:\\\/\\\/batega.es\\\/wp-content\\\/uploads\\\/2024\\\/07\\\/S.COMUNICACIO-2-1024x683.jpg\"},{\"@type\":\"BreadcrumbList\",\"@id\":\"https:\\\/\\\/batega.es\\\/equipos\\\/sistemas-de-comunicacion#breadcrumb\",\"itemListElement\":[{\"@type\":\"ListItem\",\"position\":1,\"name\":\"Inici\",\"item\":\"https:\\\/\\\/batega.es\\\/\"},{\"@type\":\"ListItem\",\"position\":2,\"name\":\"Equipos\",\"item\":\"https:\\\/\\\/batega.es\\\/equipos\"},{\"@type\":\"ListItem\",\"position\":3,\"name\":\"Sistemas de comunicaci\u00f3n\"}]},{\"@type\":\"WebSite\",\"@id\":\"https:\\\/\\\/batega.es\\\/#website\",\"url\":\"https:\\\/\\\/batega.es\\\/\",\"name\":\"Batega\",\"description\":\"\",\"publisher\":{\"@id\":\"https:\\\/\\\/batega.es\\\/#organization\"},\"potentialAction\":[{\"@type\":\"SearchAction\",\"target\":{\"@type\":\"EntryPoint\",\"urlTemplate\":\"https:\\\/\\\/batega.es\\\/?s={search_term_string}\"},\"query-input\":{\"@type\":\"PropertyValueSpecification\",\"valueRequired\":true,\"valueName\":\"search_term_string\"}}],\"inLanguage\":\"es\"},{\"@type\":\"Organization\",\"@id\":\"https:\\\/\\\/batega.es\\\/#organization\",\"name\":\"Batega\",\"url\":\"https:\\\/\\\/batega.es\\\/\",\"logo\":{\"@type\":\"ImageObject\",\"inLanguage\":\"es\",\"@id\":\"https:\\\/\\\/batega.es\\\/#\\\/schema\\\/logo\\\/image\\\/\",\"url\":\"https:\\\/\\\/batega.es\\\/wp-content\\\/uploads\\\/2024\\\/05\\\/header-logo-1.png\",\"contentUrl\":\"https:\\\/\\\/batega.es\\\/wp-content\\\/uploads\\\/2024\\\/05\\\/header-logo-1.png\",\"width\":306,\"height\":145,\"caption\":\"Batega\"},\"image\":{\"@id\":\"https:\\\/\\\/batega.es\\\/#\\\/schema\\\/logo\\\/image\\\/\"},\"sameAs\":[\"https:\\\/\\\/x.com\\\/i\\\/flow\\\/login?redirect_after_login=bategaelteucor\",\"https:\\\/\\\/x.com\\\/bategaelteucor\",\"https:\\\/\\\/www.linkedin.com\\\/company\\\/batega-electromdica-s-l\\\/?originalSubdomain=es\",\"https:\\\/\\\/www.instagram.com\\\/batega_cardioproteccio\\\/\"]}]}<\/script>\n<!-- \/ Yoast SEO plugin. -->","yoast_head_json":{"title":"Sistemas de comunicaci\u00f3n - Batega","robots":{"index":"index","follow":"follow","max-snippet":"max-snippet:-1","max-image-preview":"max-image-preview:large","max-video-preview":"max-video-preview:-1"},"canonical":"https:\/\/batega.es\/equipos\/sistemas-de-comunicacion","og_locale":"es_ES","og_type":"article","og_title":"Sistemas de comunicaci\u00f3n - Batega","og_description":"Sistemas de comunicaci\u00f3n Los sistemas de comunicaci\u00f3n de los desfibriladores externos automatizados, est\u00e1n dise\u00f1ados para asegurar la llamada inmediata y autom\u00e1tica a [&hellip;]","og_url":"https:\/\/batega.es\/equipos\/sistemas-de-comunicacion","og_site_name":"Batega","article_publisher":"https:\/\/x.com\/i\/flow\/login?redirect_after_login=bategaelteucor","article_modified_time":"2024-10-13T19:47:20+00:00","og_image":[{"url":"http:\/\/batega.es\/wp-content\/uploads\/2024\/07\/S.COMUNICACIO-2-1024x683.jpg","type":"","width":"","height":""}],"twitter_card":"summary_large_image","twitter_site":"@bategaelteucor","twitter_misc":{"Tiempo de lectura":"1 minuto"},"schema":{"@context":"https:\/\/schema.org","@graph":[{"@type":"WebPage","@id":"https:\/\/batega.es\/equipos\/sistemas-de-comunicacion","url":"https:\/\/batega.es\/equipos\/sistemas-de-comunicacion","name":"Sistemas de comunicaci\u00f3n - Batega","isPartOf":{"@id":"https:\/\/batega.es\/#website"},"primaryImageOfPage":{"@id":"https:\/\/batega.es\/equipos\/sistemas-de-comunicacion#primaryimage"},"image":{"@id":"https:\/\/batega.es\/equipos\/sistemas-de-comunicacion#primaryimage"},"thumbnailUrl":"http:\/\/batega.es\/wp-content\/uploads\/2024\/07\/S.COMUNICACIO-2-1024x683.jpg","datePublished":"2024-05-22T05:53:45+00:00","dateModified":"2024-10-13T19:47:20+00:00","breadcrumb":{"@id":"https:\/\/batega.es\/equipos\/sistemas-de-comunicacion#breadcrumb"},"inLanguage":"es","potentialAction":[{"@type":"ReadAction","target":["https:\/\/batega.es\/equipos\/sistemas-de-comunicacion"]}]},{"@type":"ImageObject","inLanguage":"es","@id":"https:\/\/batega.es\/equipos\/sistemas-de-comunicacion#primaryimage","url":"http:\/\/batega.es\/wp-content\/uploads\/2024\/07\/S.COMUNICACIO-2-1024x683.jpg","contentUrl":"http:\/\/batega.es\/wp-content\/uploads\/2024\/07\/S.COMUNICACIO-2-1024x683.jpg"},{"@type":"BreadcrumbList","@id":"https:\/\/batega.es\/equipos\/sistemas-de-comunicacion#breadcrumb","itemListElement":[{"@type":"ListItem","position":1,"name":"Inici","item":"https:\/\/batega.es\/"},{"@type":"ListItem","position":2,"name":"Equipos","item":"https:\/\/batega.es\/equipos"},{"@type":"ListItem","position":3,"name":"Sistemas de comunicaci\u00f3n"}]},{"@type":"WebSite","@id":"https:\/\/batega.es\/#website","url":"https:\/\/batega.es\/","name":"Batega","description":"","publisher":{"@id":"https:\/\/batega.es\/#organization"},"potentialAction":[{"@type":"SearchAction","target":{"@type":"EntryPoint","urlTemplate":"https:\/\/batega.es\/?s={search_term_string}"},"query-input":{"@type":"PropertyValueSpecification","valueRequired":true,"valueName":"search_term_string"}}],"inLanguage":"es"},{"@type":"Organization","@id":"https:\/\/batega.es\/#organization","name":"Batega","url":"https:\/\/batega.es\/","logo":{"@type":"ImageObject","inLanguage":"es","@id":"https:\/\/batega.es\/#\/schema\/logo\/image\/","url":"https:\/\/batega.es\/wp-content\/uploads\/2024\/05\/header-logo-1.png","contentUrl":"https:\/\/batega.es\/wp-content\/uploads\/2024\/05\/header-logo-1.png","width":306,"height":145,"caption":"Batega"},"image":{"@id":"https:\/\/batega.es\/#\/schema\/logo\/image\/"},"sameAs":["https:\/\/x.com\/i\/flow\/login?redirect_after_login=bategaelteucor","https:\/\/x.com\/bategaelteucor","https:\/\/www.linkedin.com\/company\/batega-electromdica-s-l\/?originalSubdomain=es","https:\/\/www.instagram.com\/batega_cardioproteccio\/"]}]}},"_links":{"self":[{"href":"https:\/\/batega.es\/es\/wp-json\/wp\/v2\/pages\/4282","targetHints":{"allow":["GET"]}}],"collection":[{"href":"https:\/\/batega.es\/es\/wp-json\/wp\/v2\/pages"}],"about":[{"href":"https:\/\/batega.es\/es\/wp-json\/wp\/v2\/types\/page"}],"author":[{"embeddable":true,"href":"https:\/\/batega.es\/es\/wp-json\/wp\/v2\/users\/1"}],"replies":[{"embeddable":true,"href":"https:\/\/batega.es\/es\/wp-json\/wp\/v2\/comments?post=4282"}],"version-history":[{"count":10,"href":"https:\/\/batega.es\/es\/wp-json\/wp\/v2\/pages\/4282\/revisions"}],"predecessor-version":[{"id":5027,"href":"https:\/\/batega.es\/es\/wp-json\/wp\/v2\/pages\/4282\/revisions\/5027"}],"up":[{"embeddable":true,"href":"https:\/\/batega.es\/es\/wp-json\/wp\/v2\/pages\/4128"}],"wp:attachment":[{"href":"https:\/\/batega.es\/es\/wp-json\/wp\/v2\/media?parent=4282"}],"curies":[{"name":"wp","href":"https:\/\/api.w.org\/{rel}","templated":true}]}}