{"id":4284,"date":"2024-05-21T09:51:50","date_gmt":"2024-05-21T07:51:50","guid":{"rendered":"https:\/\/batega.es\/formaciones\/formacion-en-asistencia-a-soporte-vital-avanzado"},"modified":"2024-10-13T21:29:35","modified_gmt":"2024-10-13T19:29:35","slug":"formacion-en-asistencia-a-soporte-vital-avanzado","status":"publish","type":"page","link":"https:\/\/batega.es\/es\/formaciones\/formacion-en-asistencia-a-soporte-vital-avanzado","title":{"rendered":"Formaci\u00f3n en Asistencia a Soporte Vital Avanzado"},"content":{"rendered":"\t\t<div data-elementor-type=\"wp-page\" data-elementor-id=\"4284\" class=\"elementor elementor-4284 elementor-817\" data-elementor-settings=\"{&quot;element_pack_global_tooltip_width&quot;:{&quot;unit&quot;:&quot;px&quot;,&quot;size&quot;:&quot;&quot;,&quot;sizes&quot;:[]},&quot;element_pack_global_tooltip_width_tablet&quot;:{&quot;unit&quot;:&quot;px&quot;,&quot;size&quot;:&quot;&quot;,&quot;sizes&quot;:[]},&quot;element_pack_global_tooltip_width_mobile&quot;:{&quot;unit&quot;:&quot;px&quot;,&quot;size&quot;:&quot;&quot;,&quot;sizes&quot;:[]},&quot;element_pack_global_tooltip_padding&quot;:{&quot;unit&quot;:&quot;px&quot;,&quot;top&quot;:&quot;&quot;,&quot;right&quot;:&quot;&quot;,&quot;bottom&quot;:&quot;&quot;,&quot;left&quot;:&quot;&quot;,&quot;isLinked&quot;:true},&quot;element_pack_global_tooltip_padding_tablet&quot;:{&quot;unit&quot;:&quot;px&quot;,&quot;top&quot;:&quot;&quot;,&quot;right&quot;:&quot;&quot;,&quot;bottom&quot;:&quot;&quot;,&quot;left&quot;:&quot;&quot;,&quot;isLinked&quot;:true},&quot;element_pack_global_tooltip_padding_mobile&quot;:{&quot;unit&quot;:&quot;px&quot;,&quot;top&quot;:&quot;&quot;,&quot;right&quot;:&quot;&quot;,&quot;bottom&quot;:&quot;&quot;,&quot;left&quot;:&quot;&quot;,&quot;isLinked&quot;:true},&quot;element_pack_global_tooltip_border_radius&quot;:{&quot;unit&quot;:&quot;px&quot;,&quot;top&quot;:&quot;&quot;,&quot;right&quot;:&quot;&quot;,&quot;bottom&quot;:&quot;&quot;,&quot;left&quot;:&quot;&quot;,&quot;isLinked&quot;:true},&quot;element_pack_global_tooltip_border_radius_tablet&quot;:{&quot;unit&quot;:&quot;px&quot;,&quot;top&quot;:&quot;&quot;,&quot;right&quot;:&quot;&quot;,&quot;bottom&quot;:&quot;&quot;,&quot;left&quot;:&quot;&quot;,&quot;isLinked&quot;:true},&quot;element_pack_global_tooltip_border_radius_mobile&quot;:{&quot;unit&quot;:&quot;px&quot;,&quot;top&quot;:&quot;&quot;,&quot;right&quot;:&quot;&quot;,&quot;bottom&quot;:&quot;&quot;,&quot;left&quot;:&quot;&quot;,&quot;isLinked&quot;:true}}\">\n\t\t\t\t\t\t<div class=\"elementor-section elementor-top-section elementor-element elementor-element-9748a91 elementor-section-boxed elementor-section-height-default elementor-section-height-default\" data-id=\"9748a91\" data-element_type=\"section\" data-e-type=\"section\" data-settings=\"{&quot;background_background&quot;:&quot;classic&quot;}\">\n\t\t\t\t\t\t<div class=\"elementor-container elementor-column-gap-default\">\n\t\t\t\t\t<div class=\"elementor-column elementor-col-100 elementor-top-column elementor-element elementor-element-7913837 elementor-invisible\" data-id=\"7913837\" data-element_type=\"column\" data-e-type=\"column\" data-settings=\"{&quot;animation&quot;:&quot;fadeInUp&quot;}\">\n\t\t\t<div class=\"elementor-widget-wrap elementor-element-populated\">\n\t\t\t\t\t\t<div class=\"elementor-element elementor-element-662fff0 elementor-widget__width-initial elementor-widget-mobile__width-inherit ui-e-a-animate elementor-widget elementor-widget-highlighted-text\" data-id=\"662fff0\" data-element_type=\"widget\" data-e-type=\"widget\" data-widget_type=\"highlighted-text.default\">\n\t\t\t\t<div class=\"elementor-widget-container\">\n\t\t\t\t\t        <h2 class=\"ui-e--highlighted-text\">\n            <span class=\"ui-e-headline-text elementor-repeater-item-d270c29 ui-e-headline-color\">\n\t\t\t\t\t\t\t\t\t<span class=\"whitespace\"><\/span>\n                                    <span>\n                                        <span class=\"ui-e-headline-text ui-e-headline-highlighted\">Formaci\u00f3n en Asistencia a Soporte Vital Avanzado<\/span><span class=\"uicore-svg-wrapper\"><svg xmlns=\"http:\/\/www.w3.org\/2000\/svg\" viewBox=\"0 0 500 150\" preserveAspectRatio=\"none\"><\/svg><\/span><\/span> <span class=\"whitespace\"> <\/span><\/span>        <\/h2>\n    \t\t\t\t<\/div>\n\t\t\t\t<\/div>\n\t\t\t\t<div class=\"elementor-element elementor-element-6ef6b2a elementor-widget elementor-widget-spacer\" data-id=\"6ef6b2a\" data-element_type=\"widget\" data-e-type=\"widget\" data-widget_type=\"spacer.default\">\n\t\t\t\t<div class=\"elementor-widget-container\">\n\t\t\t\t\t\t\t<div class=\"elementor-spacer\">\n\t\t\t<div class=\"elementor-spacer-inner\"><\/div>\n\t\t<\/div>\n\t\t\t\t\t\t<\/div>\n\t\t\t\t<\/div>\n\t\t\t\t\t<\/div>\n\t\t<\/div>\n\t\t\t\t\t<\/div>\n\t\t<\/div>\n\t\t\t\t<section class=\"elementor-section elementor-top-section elementor-element elementor-element-f4b9bc1 elementor-reverse-tablet elementor-reverse-mobile elementor-section-boxed elementor-section-height-default elementor-section-height-default\" data-id=\"f4b9bc1\" data-element_type=\"section\" data-e-type=\"section\">\n\t\t\t\t\t\t<div class=\"elementor-container elementor-column-gap-default\">\n\t\t\t\t\t<div class=\"elementor-column elementor-col-50 elementor-top-column elementor-element elementor-element-731e105 elementor-invisible\" data-id=\"731e105\" data-element_type=\"column\" data-e-type=\"column\" data-settings=\"{&quot;background_background&quot;:&quot;classic&quot;,&quot;animation&quot;:&quot;fadeIn&quot;}\">\n\t\t\t<div class=\"elementor-widget-wrap\">\n\t\t\t\t\t\t\t<\/div>\n\t\t<\/div>\n\t\t\t\t<div class=\"elementor-column elementor-col-50 elementor-top-column elementor-element elementor-element-13987f6 elementor-invisible\" data-id=\"13987f6\" data-element_type=\"column\" data-e-type=\"column\" data-settings=\"{&quot;animation&quot;:&quot;fadeInUp&quot;}\">\n\t\t\t<div class=\"elementor-widget-wrap elementor-element-populated\">\n\t\t\t\t\t\t<div class=\"elementor-element elementor-element-56ecc9f elementor-widget-tablet__width-initial elementor-widget-mobile__width-inherit elementor-widget elementor-widget-heading\" data-id=\"56ecc9f\" data-element_type=\"widget\" data-e-type=\"widget\" data-widget_type=\"heading.default\">\n\t\t\t\t<div class=\"elementor-widget-container\">\n\t\t\t\t\t<h2 class=\"elementor-heading-title elementor-size-default\">ASVA<\/h2>\t\t\t\t<\/div>\n\t\t\t\t<\/div>\n\t\t\t\t<div class=\"elementor-element elementor-element-7d20809 elementor-widget-tablet__width-initial elementor-widget-mobile__width-inherit elementor-widget elementor-widget-text-editor\" data-id=\"7d20809\" data-element_type=\"widget\" data-e-type=\"widget\" data-widget_type=\"text-editor.default\">\n\t\t\t\t<div class=\"elementor-widget-container\">\n\t\t\t\t\t\t\t\t\t<p><b>Dirigido a:<\/b><\/p>\n<p><span style=\"font-weight: 400;\">Personal de enfermer\u00eda, t\u00e9cnicos auxiliares de enfermer\u00eda y celadores que desarrollen su actividad en \u00e1reas de urgencias y cr\u00edticos, con necesidad de realizar tareas de apoyo y apoyo a equipos de reanimaci\u00f3n o primera atenci\u00f3n.<\/span><\/p>\n<p><b>Acreditaci\u00f3n:<\/b><\/p>\n<ul>\n<li style=\"font-weight: 400;\" aria-level=\"1\"><span style=\"font-weight: 400;\">Reconociendo de inter\u00e9s sanitario por el Departamento de Salud de la Generalitat de Catalunya.<\/span><\/li>\n<\/ul>\n<p><b>Objetivos: <\/b><\/p>\n<p><span style=\"font-weight: 400;\">Dotar al alumno de las herramientas y conocimientos necesarios para integrarse en equipos multidisciplinares de atenci\u00f3n al paciente cr\u00edtico en urgencias.<\/span><\/p>\n<p><b>Curso:<\/b><\/p>\n<p><span style=\"font-weight: 400;\">Horas totales: 10 h.<\/span><\/p>\n<p><span style=\"font-weight: 400;\">N\u00famero de horas en sesi\u00f3n presencial: 10 h.<\/span><\/p>\n<p><span style=\"font-weight: 400;\">Estudio previo: Libre, mediante documentaci\u00f3n pre-curso.<\/span><\/p>\n<p><span style=\"font-weight: 400;\">Requisitos previos: formaci\u00f3n acreditada CCR en soporte Vital B\u00e1sico, recomendable, no exigible.<\/span><\/p>\n<p><span style=\"font-weight: 400;\">Grupos: 10 alumnos por instructor.<\/span><\/p>\n\t\t\t\t\t\t\t\t<\/div>\n\t\t\t\t<\/div>\n\t\t\t\t<div class=\"elementor-element elementor-element-bffd4a8 elementor-align-left elementor-widget elementor-widget-button\" data-id=\"bffd4a8\" data-element_type=\"widget\" data-e-type=\"widget\" data-widget_type=\"button.default\">\n\t\t\t\t<div class=\"elementor-widget-container\">\n\t\t\t\t\t\t\t\t\t<div class=\"elementor-button-wrapper\">\n\t\t\t\t\t<a class=\"elementor-button elementor-button-link elementor-size-sm\" href=\"\/es\/contacto\/\">\n\t\t\t\t\t\t<span class=\"elementor-button-content-wrapper\">\n\t\t\t\t\t\t\t\t\t<span class=\"elementor-button-text\">Contacta<\/span>\n\t\t\t\t\t<\/span>\n\t\t\t\t\t<\/a>\n\t\t\t\t<\/div>\n\t\t\t\t\t\t\t\t<\/div>\n\t\t\t\t<\/div>\n\t\t\t\t<div class=\"elementor-element elementor-element-5903366 elementor-widget__width-initial bdt-icon-type-icon elementor-position-top bdt-icon-effect-none elementor-widget elementor-widget-bdt-advanced-icon-box\" data-id=\"5903366\" data-element_type=\"widget\" data-e-type=\"widget\" data-widget_type=\"bdt-advanced-icon-box.default\">\n\t\t\t\t<div class=\"elementor-widget-container\">\n\t\t\t\t\t\t\t<div class=\"bdt-ep-advanced-icon-box\">\n\n\t\t\t\t\t\t\t\n\t\t\n\t\t\t\t\n\t\t\t<div class=\"bdt-ep-advanced-icon-box-content\">\n\n\t\t\t\t\t\t\t\t\t\n\t\t\t\t\t<h4 class=\"bdt-ep-advanced-icon-box-title ep-title-\">\n\t\t\t\t<span >\n\t\t\t\t\tFicha del curso\t\t\t\t<\/span>\n\t\t\t<\/h4>\n\t\t\n\n\t\t\n\t\t\t\t\t\n\t\t\t\t\n\t\t\t\t\n\t\t\t\t\t\t\t\t\t<a class=\"bdt-ep-advanced-icon-box-readmore bdt-display-inline-block\" href=\"#\">\n\t\t\t\t\t\tDescargar\n\t\t\t\t\t\t\t\t\t\t\t<\/a>\n\t\t\t\t\t\t\t<\/div>\n\t\t<\/div>\n\n\t\t\n\t\t\n\t\t\t\t<\/div>\n\t\t\t\t<\/div>\n\t\t\t\t\t<\/div>\n\t\t<\/div>\n\t\t\t\t\t<\/div>\n\t\t<\/section>\n\t\t\t\t<\/div>\n\t\t<!-- JOKINITO -_>","protected":false},"excerpt":{"rendered":"<p>Formaci\u00f3n en Asistencia a Soporte Vital Avanzado ASVA Dirigido a: Personal de enfermer\u00eda, t\u00e9cnicos auxiliares de enfermer\u00eda y celadores que desarrollen su [&hellip;]<\/p>\n","protected":false},"author":1,"featured_media":0,"parent":4280,"menu_order":0,"comment_status":"closed","ping_status":"closed","template":"","meta":{"footnotes":""},"class_list":["post-4284","page","type-page","status-publish","hentry"],"yoast_head":"<!-- This site is optimized with the Yoast SEO plugin v27.4 - https:\/\/yoast.com\/product\/yoast-seo-wordpress\/ -->\n<title>Formaci\u00f3n en Asistencia a Soporte Vital Avanzado - Batega<\/title>\n<meta name=\"robots\" content=\"index, follow, max-snippet:-1, max-image-preview:large, max-video-preview:-1\" \/>\n<link rel=\"canonical\" href=\"https:\/\/batega.es\/formaciones\/formacion-en-asistencia-a-soporte-vital-avanzado\" \/>\n<meta property=\"og:locale\" content=\"es_ES\" \/>\n<meta property=\"og:type\" content=\"article\" \/>\n<meta property=\"og:title\" content=\"Formaci\u00f3n en Asistencia a Soporte Vital Avanzado - Batega\" \/>\n<meta property=\"og:description\" content=\"Formaci\u00f3n en Asistencia a Soporte Vital Avanzado ASVA Dirigido a: Personal de enfermer\u00eda, t\u00e9cnicos auxiliares de enfermer\u00eda y celadores que desarrollen su [&hellip;]\" \/>\n<meta property=\"og:url\" content=\"https:\/\/batega.es\/formaciones\/formacion-en-asistencia-a-soporte-vital-avanzado\" \/>\n<meta property=\"og:site_name\" content=\"Batega\" \/>\n<meta property=\"article:publisher\" content=\"https:\/\/x.com\/i\/flow\/login?redirect_after_login=bategaelteucor\" \/>\n<meta property=\"article:modified_time\" content=\"2024-10-13T19:29:35+00:00\" \/>\n<meta name=\"twitter:card\" content=\"summary_large_image\" \/>\n<meta name=\"twitter:site\" content=\"@bategaelteucor\" \/>\n<meta name=\"twitter:label1\" content=\"Tiempo de lectura\" \/>\n\t<meta name=\"twitter:data1\" content=\"1 minuto\" \/>\n<script type=\"application\/ld+json\" class=\"yoast-schema-graph\">{\"@context\":\"https:\\\/\\\/schema.org\",\"@graph\":[{\"@type\":\"WebPage\",\"@id\":\"https:\\\/\\\/batega.es\\\/formaciones\\\/formacion-en-asistencia-a-soporte-vital-avanzado\",\"url\":\"https:\\\/\\\/batega.es\\\/formaciones\\\/formacion-en-asistencia-a-soporte-vital-avanzado\",\"name\":\"Formaci\u00f3n en Asistencia a Soporte Vital Avanzado - Batega\",\"isPartOf\":{\"@id\":\"https:\\\/\\\/batega.es\\\/#website\"},\"datePublished\":\"2024-05-21T07:51:50+00:00\",\"dateModified\":\"2024-10-13T19:29:35+00:00\",\"breadcrumb\":{\"@id\":\"https:\\\/\\\/batega.es\\\/formaciones\\\/formacion-en-asistencia-a-soporte-vital-avanzado#breadcrumb\"},\"inLanguage\":\"es\",\"potentialAction\":[{\"@type\":\"ReadAction\",\"target\":[\"https:\\\/\\\/batega.es\\\/formaciones\\\/formacion-en-asistencia-a-soporte-vital-avanzado\"]}]},{\"@type\":\"BreadcrumbList\",\"@id\":\"https:\\\/\\\/batega.es\\\/formaciones\\\/formacion-en-asistencia-a-soporte-vital-avanzado#breadcrumb\",\"itemListElement\":[{\"@type\":\"ListItem\",\"position\":1,\"name\":\"Inici\",\"item\":\"https:\\\/\\\/batega.es\\\/\"},{\"@type\":\"ListItem\",\"position\":2,\"name\":\"Formaciones\",\"item\":\"https:\\\/\\\/batega.es\\\/es\\\/formaciones\"},{\"@type\":\"ListItem\",\"position\":3,\"name\":\"Formaci\u00f3n en Asistencia a Soporte Vital Avanzado\"}]},{\"@type\":\"WebSite\",\"@id\":\"https:\\\/\\\/batega.es\\\/#website\",\"url\":\"https:\\\/\\\/batega.es\\\/\",\"name\":\"Batega\",\"description\":\"\",\"publisher\":{\"@id\":\"https:\\\/\\\/batega.es\\\/#organization\"},\"potentialAction\":[{\"@type\":\"SearchAction\",\"target\":{\"@type\":\"EntryPoint\",\"urlTemplate\":\"https:\\\/\\\/batega.es\\\/?s={search_term_string}\"},\"query-input\":{\"@type\":\"PropertyValueSpecification\",\"valueRequired\":true,\"valueName\":\"search_term_string\"}}],\"inLanguage\":\"es\"},{\"@type\":\"Organization\",\"@id\":\"https:\\\/\\\/batega.es\\\/#organization\",\"name\":\"Batega\",\"url\":\"https:\\\/\\\/batega.es\\\/\",\"logo\":{\"@type\":\"ImageObject\",\"inLanguage\":\"es\",\"@id\":\"https:\\\/\\\/batega.es\\\/#\\\/schema\\\/logo\\\/image\\\/\",\"url\":\"https:\\\/\\\/batega.es\\\/wp-content\\\/uploads\\\/2024\\\/05\\\/header-logo-1.png\",\"contentUrl\":\"https:\\\/\\\/batega.es\\\/wp-content\\\/uploads\\\/2024\\\/05\\\/header-logo-1.png\",\"width\":306,\"height\":145,\"caption\":\"Batega\"},\"image\":{\"@id\":\"https:\\\/\\\/batega.es\\\/#\\\/schema\\\/logo\\\/image\\\/\"},\"sameAs\":[\"https:\\\/\\\/x.com\\\/i\\\/flow\\\/login?redirect_after_login=bategaelteucor\",\"https:\\\/\\\/x.com\\\/bategaelteucor\",\"https:\\\/\\\/www.linkedin.com\\\/company\\\/batega-electromdica-s-l\\\/?originalSubdomain=es\",\"https:\\\/\\\/www.instagram.com\\\/batega_cardioproteccio\\\/\"]}]}<\/script>\n<!-- \/ Yoast SEO plugin. -->","yoast_head_json":{"title":"Formaci\u00f3n en Asistencia a Soporte Vital Avanzado - Batega","robots":{"index":"index","follow":"follow","max-snippet":"max-snippet:-1","max-image-preview":"max-image-preview:large","max-video-preview":"max-video-preview:-1"},"canonical":"https:\/\/batega.es\/formaciones\/formacion-en-asistencia-a-soporte-vital-avanzado","og_locale":"es_ES","og_type":"article","og_title":"Formaci\u00f3n en Asistencia a Soporte Vital Avanzado - Batega","og_description":"Formaci\u00f3n en Asistencia a Soporte Vital Avanzado ASVA Dirigido a: Personal de enfermer\u00eda, t\u00e9cnicos auxiliares de enfermer\u00eda y celadores que desarrollen su [&hellip;]","og_url":"https:\/\/batega.es\/formaciones\/formacion-en-asistencia-a-soporte-vital-avanzado","og_site_name":"Batega","article_publisher":"https:\/\/x.com\/i\/flow\/login?redirect_after_login=bategaelteucor","article_modified_time":"2024-10-13T19:29:35+00:00","twitter_card":"summary_large_image","twitter_site":"@bategaelteucor","twitter_misc":{"Tiempo de lectura":"1 minuto"},"schema":{"@context":"https:\/\/schema.org","@graph":[{"@type":"WebPage","@id":"https:\/\/batega.es\/formaciones\/formacion-en-asistencia-a-soporte-vital-avanzado","url":"https:\/\/batega.es\/formaciones\/formacion-en-asistencia-a-soporte-vital-avanzado","name":"Formaci\u00f3n en Asistencia a Soporte Vital Avanzado - Batega","isPartOf":{"@id":"https:\/\/batega.es\/#website"},"datePublished":"2024-05-21T07:51:50+00:00","dateModified":"2024-10-13T19:29:35+00:00","breadcrumb":{"@id":"https:\/\/batega.es\/formaciones\/formacion-en-asistencia-a-soporte-vital-avanzado#breadcrumb"},"inLanguage":"es","potentialAction":[{"@type":"ReadAction","target":["https:\/\/batega.es\/formaciones\/formacion-en-asistencia-a-soporte-vital-avanzado"]}]},{"@type":"BreadcrumbList","@id":"https:\/\/batega.es\/formaciones\/formacion-en-asistencia-a-soporte-vital-avanzado#breadcrumb","itemListElement":[{"@type":"ListItem","position":1,"name":"Inici","item":"https:\/\/batega.es\/"},{"@type":"ListItem","position":2,"name":"Formaciones","item":"https:\/\/batega.es\/es\/formaciones"},{"@type":"ListItem","position":3,"name":"Formaci\u00f3n en Asistencia a Soporte Vital Avanzado"}]},{"@type":"WebSite","@id":"https:\/\/batega.es\/#website","url":"https:\/\/batega.es\/","name":"Batega","description":"","publisher":{"@id":"https:\/\/batega.es\/#organization"},"potentialAction":[{"@type":"SearchAction","target":{"@type":"EntryPoint","urlTemplate":"https:\/\/batega.es\/?s={search_term_string}"},"query-input":{"@type":"PropertyValueSpecification","valueRequired":true,"valueName":"search_term_string"}}],"inLanguage":"es"},{"@type":"Organization","@id":"https:\/\/batega.es\/#organization","name":"Batega","url":"https:\/\/batega.es\/","logo":{"@type":"ImageObject","inLanguage":"es","@id":"https:\/\/batega.es\/#\/schema\/logo\/image\/","url":"https:\/\/batega.es\/wp-content\/uploads\/2024\/05\/header-logo-1.png","contentUrl":"https:\/\/batega.es\/wp-content\/uploads\/2024\/05\/header-logo-1.png","width":306,"height":145,"caption":"Batega"},"image":{"@id":"https:\/\/batega.es\/#\/schema\/logo\/image\/"},"sameAs":["https:\/\/x.com\/i\/flow\/login?redirect_after_login=bategaelteucor","https:\/\/x.com\/bategaelteucor","https:\/\/www.linkedin.com\/company\/batega-electromdica-s-l\/?originalSubdomain=es","https:\/\/www.instagram.com\/batega_cardioproteccio\/"]}]}},"_links":{"self":[{"href":"https:\/\/batega.es\/es\/wp-json\/wp\/v2\/pages\/4284","targetHints":{"allow":["GET"]}}],"collection":[{"href":"https:\/\/batega.es\/es\/wp-json\/wp\/v2\/pages"}],"about":[{"href":"https:\/\/batega.es\/es\/wp-json\/wp\/v2\/types\/page"}],"author":[{"embeddable":true,"href":"https:\/\/batega.es\/es\/wp-json\/wp\/v2\/users\/1"}],"replies":[{"embeddable":true,"href":"https:\/\/batega.es\/es\/wp-json\/wp\/v2\/comments?post=4284"}],"version-history":[{"count":4,"href":"https:\/\/batega.es\/es\/wp-json\/wp\/v2\/pages\/4284\/revisions"}],"predecessor-version":[{"id":4991,"href":"https:\/\/batega.es\/es\/wp-json\/wp\/v2\/pages\/4284\/revisions\/4991"}],"up":[{"embeddable":true,"href":"https:\/\/batega.es\/es\/wp-json\/wp\/v2\/pages\/4280"}],"wp:attachment":[{"href":"https:\/\/batega.es\/es\/wp-json\/wp\/v2\/media?parent=4284"}],"curies":[{"name":"wp","href":"https:\/\/api.w.org\/{rel}","templated":true}]}}