{"id":4294,"date":"2024-05-21T09:51:38","date_gmt":"2024-05-21T07:51:38","guid":{"rendered":"https:\/\/batega.es\/formaciones\/formacion-en-soporte-vital-inmediato"},"modified":"2025-02-10T16:56:41","modified_gmt":"2025-02-10T15:56:41","slug":"formacion-en-soporte-vital-inmediato","status":"publish","type":"page","link":"https:\/\/batega.es\/es\/formaciones\/formacion-en-soporte-vital-inmediato","title":{"rendered":"Formaci\u00f3n en Soporte Vital Inmediato"},"content":{"rendered":"\t\t<div data-elementor-type=\"wp-page\" data-elementor-id=\"4294\" class=\"elementor elementor-4294 elementor-815\">\n\t\t\t\t\t\t<div class=\"elementor-section elementor-top-section elementor-element elementor-element-9748a91 elementor-section-boxed elementor-section-height-default elementor-section-height-default\" data-id=\"9748a91\" data-element_type=\"section\" data-e-type=\"section\" data-settings=\"{&quot;background_background&quot;:&quot;classic&quot;}\">\n\t\t\t\t\t\t<div class=\"elementor-container elementor-column-gap-default\">\n\t\t\t\t\t<div class=\"elementor-column elementor-col-100 elementor-top-column elementor-element elementor-element-7913837 elementor-invisible\" data-id=\"7913837\" data-element_type=\"column\" data-e-type=\"column\" data-settings=\"{&quot;animation&quot;:&quot;fadeInUp&quot;}\">\n\t\t\t<div class=\"elementor-widget-wrap elementor-element-populated\">\n\t\t\t\t\t\t<div class=\"elementor-element elementor-element-662fff0 elementor-widget__width-initial elementor-widget-mobile__width-inherit ui-e-a-animate elementor-widget elementor-widget-highlighted-text\" data-id=\"662fff0\" data-element_type=\"widget\" data-e-type=\"widget\" data-widget_type=\"highlighted-text.default\">\n\t\t\t\t<div class=\"elementor-widget-container\">\n\t\t\t\t\t        <h2 class=\"ui-e--highlighted-text\">\n            <span class=\"ui-e-headline-text elementor-repeater-item-d270c29 ui-e-headline-color\">\n\t\t\t\t\t\t\t\t\t<span class=\"whitespace\"><\/span>\n                                    <span>\n                                        <span class=\"ui-e-headline-text ui-e-headline-highlighted\">Formaci\u00f3n en Apoyo Vital Inmediato<\/span><span class=\"uicore-svg-wrapper\"><svg xmlns=\"http:\/\/www.w3.org\/2000\/svg\" viewBox=\"0 0 500 150\" preserveAspectRatio=\"none\"><\/svg><\/span><\/span> <span class=\"whitespace\"> <\/span><\/span>        <\/h2>\n    \t\t\t\t<\/div>\n\t\t\t\t<\/div>\n\t\t\t\t\t<\/div>\n\t\t<\/div>\n\t\t\t\t\t<\/div>\n\t\t<\/div>\n\t\t\t\t<section class=\"elementor-section elementor-top-section elementor-element elementor-element-f4b9bc1 elementor-reverse-tablet elementor-reverse-mobile elementor-section-boxed elementor-section-height-default elementor-section-height-default\" data-id=\"f4b9bc1\" data-element_type=\"section\" data-e-type=\"section\">\n\t\t\t\t\t\t<div class=\"elementor-container elementor-column-gap-default\">\n\t\t\t\t\t<div class=\"elementor-column elementor-col-50 elementor-top-column elementor-element elementor-element-731e105 elementor-invisible\" data-id=\"731e105\" data-element_type=\"column\" data-e-type=\"column\" data-settings=\"{&quot;background_background&quot;:&quot;classic&quot;,&quot;animation&quot;:&quot;fadeIn&quot;}\">\n\t\t\t<div class=\"elementor-widget-wrap elementor-element-populated\">\n\t\t\t\t\t\t<div class=\"elementor-element elementor-element-5ca9c76 elementor-widget elementor-widget-image\" data-id=\"5ca9c76\" data-element_type=\"widget\" data-e-type=\"widget\" data-widget_type=\"image.default\">\n\t\t\t\t<div class=\"elementor-widget-container\">\n\t\t\t\t\t\t\t\t\t\t\t\t\t\t\t<img fetchpriority=\"high\" decoding=\"async\" width=\"682\" height=\"1024\" src=\"https:\/\/batega.es\/wp-content\/uploads\/2024\/09\/SVB-DEA-scaled-1-682x1024.jpg\" class=\"attachment-large size-large wp-image-4452\" alt=\"\" srcset=\"https:\/\/batega.es\/wp-content\/uploads\/2024\/09\/SVB-DEA-scaled-1-682x1024.jpg 682w, https:\/\/batega.es\/wp-content\/uploads\/2024\/09\/SVB-DEA-scaled-1-200x300.jpg 200w, https:\/\/batega.es\/wp-content\/uploads\/2024\/09\/SVB-DEA-scaled-1-768x1153.jpg 768w, https:\/\/batega.es\/wp-content\/uploads\/2024\/09\/SVB-DEA-scaled-1-1023x1536.jpg 1023w, https:\/\/batega.es\/wp-content\/uploads\/2024\/09\/SVB-DEA-scaled-1-433x650.jpg 433w, https:\/\/batega.es\/wp-content\/uploads\/2024\/09\/SVB-DEA-scaled-1.jpg 1364w\" sizes=\"(max-width: 682px) 100vw, 682px\" \/>\t\t\t\t\t\t\t\t\t\t\t\t\t\t\t<\/div>\n\t\t\t\t<\/div>\n\t\t\t\t\t<\/div>\n\t\t<\/div>\n\t\t\t\t<div class=\"elementor-column elementor-col-50 elementor-top-column elementor-element elementor-element-13987f6 elementor-invisible\" data-id=\"13987f6\" data-element_type=\"column\" data-e-type=\"column\" data-settings=\"{&quot;animation&quot;:&quot;fadeInUp&quot;}\">\n\t\t\t<div class=\"elementor-widget-wrap elementor-element-populated\">\n\t\t\t\t\t\t<div class=\"elementor-element elementor-element-56ecc9f elementor-widget-tablet__width-initial elementor-widget-mobile__width-inherit elementor-widget elementor-widget-heading\" data-id=\"56ecc9f\" data-element_type=\"widget\" data-e-type=\"widget\" data-widget_type=\"heading.default\">\n\t\t\t\t<div class=\"elementor-widget-container\">\n\t\t\t\t\t<h2 class=\"elementor-heading-title elementor-size-default\">SVI<\/h2>\t\t\t\t<\/div>\n\t\t\t\t<\/div>\n\t\t\t\t<div class=\"elementor-element elementor-element-7d20809 elementor-widget-tablet__width-initial elementor-widget-mobile__width-inherit elementor-widget elementor-widget-text-editor\" data-id=\"7d20809\" data-element_type=\"widget\" data-e-type=\"widget\" data-widget_type=\"text-editor.default\">\n\t\t\t\t<div class=\"elementor-widget-container\">\n\t\t\t\t\t\t\t\t\t<p><strong>Con obtenci\u00f3n de Certificado Oficial del Consejo Espa\u00f1ol de Resucitaci\u00f3n Cardiopulmonar\/ Consejo Catal\u00e1n de Resuscitaci\u00f3n, con cr\u00e9ditos de formaci\u00f3n continuada. Acreditaci\u00f3n del European Resuscitation Council (ERC) <\/strong><\/p>\n<p><b>Dirigido a:<\/b><\/p>\n<p><span style=\"font-weight: 400;\">M\u00e9dicos y personal de enfermer\u00eda directamente implicados en la asistencia del paciente en \u00e1mbito de la hospitalizaci\u00f3n o de centros sanitarios o de atenci\u00f3n continuada (m\u00e9dicos de los centros de urgencia de atenci\u00f3n primaria, \u00e1reas especiales, cirug\u00eda sin ingreso, etc).<\/span><\/p>\n<p><b>Acreditaci\u00f3n:<\/b><\/p>\n<ul>\n<li style=\"font-weight: 400;\" aria-level=\"1\"><span style=\"font-weight: 400;\">Certificado Oficial del Consejo Espa\u00f1ol de Resucitaci\u00f3n Cardiopulmonar\/ Consejo Catal\u00e1n de Resuscitaci\u00f3n, con cr\u00e9ditos de formaci\u00f3n continuada. <\/span><\/li>\n<li style=\"font-weight: 400;\" aria-level=\"1\"><span style=\"font-weight: 400;\">Acreditaci\u00f3n del European Resuscitation Council (ERC)<\/span><\/li>\n<\/ul>\n<p><b>Curso:<\/b><\/p>\n<p><span style=\"font-weight: 400;\">Horas totales: 23 h.<\/span><\/p>\n<p><span style=\"font-weight: 400;\">N\u00famero de horas en sesi\u00f3n presencial: 8 h.<\/span><\/p>\n<p><span style=\"font-weight: 400;\">Estudio previo: Plataforma Moodle, 3-4 semanas antes de la fase presencial. Tiempo de dedicaci\u00f3n: 15 horas. <\/span><\/p>\n<p><span style=\"font-weight: 400;\">Formaci\u00f3 pr\u00e8via: formaci\u00f3 acreditada CCR en suport Vital B\u00e0sic (recomanat)<\/span><\/p>\n\t\t\t\t\t\t\t\t<\/div>\n\t\t\t\t<\/div>\n\t\t\t\t<div class=\"elementor-element elementor-element-bffd4a8 elementor-align-left elementor-widget elementor-widget-button\" data-id=\"bffd4a8\" data-element_type=\"widget\" data-e-type=\"widget\" data-widget_type=\"button.default\">\n\t\t\t\t<div class=\"elementor-widget-container\">\n\t\t\t\t\t\t\t\t\t<div class=\"elementor-button-wrapper\">\n\t\t\t\t\t<a class=\"elementor-button elementor-button-link elementor-size-sm\" href=\"\/es\/contacto\/\">\n\t\t\t\t\t\t<span class=\"elementor-button-content-wrapper\">\n\t\t\t\t\t\t\t\t\t<span class=\"elementor-button-text\">Contacta<\/span>\n\t\t\t\t\t<\/span>\n\t\t\t\t\t<\/a>\n\t\t\t\t<\/div>\n\t\t\t\t\t\t\t\t<\/div>\n\t\t\t\t<\/div>\n\t\t\t\t\t<\/div>\n\t\t<\/div>\n\t\t\t\t\t<\/div>\n\t\t<\/section>\n\t\t\t\t<\/div>\n\t\t<!-- JOKINITO -_>","protected":false},"excerpt":{"rendered":"<p>Formaci\u00f3n en Apoyo Vital Inmediato SVI Con obtenci\u00f3n de Certificado Oficial del Consejo Espa\u00f1ol de Resucitaci\u00f3n Cardiopulmonar\/ Consejo Catal\u00e1n de Resuscitaci\u00f3n, con [&hellip;]<\/p>\n","protected":false},"author":1,"featured_media":0,"parent":4280,"menu_order":0,"comment_status":"closed","ping_status":"closed","template":"","meta":{"footnotes":""},"class_list":["post-4294","page","type-page","status-publish","hentry"],"yoast_head":"<!-- This site is optimized with the Yoast SEO plugin v27.4 - https:\/\/yoast.com\/product\/yoast-seo-wordpress\/ -->\n<title>Formaci\u00f3n en Soporte Vital Inmediato - Batega<\/title>\n<meta name=\"robots\" content=\"index, follow, max-snippet:-1, max-image-preview:large, max-video-preview:-1\" \/>\n<link rel=\"canonical\" href=\"https:\/\/batega.es\/formaciones\/formacion-en-soporte-vital-inmediato\" \/>\n<meta property=\"og:locale\" content=\"es_ES\" \/>\n<meta property=\"og:type\" content=\"article\" \/>\n<meta property=\"og:title\" content=\"Formaci\u00f3n en Soporte Vital Inmediato - Batega\" \/>\n<meta property=\"og:description\" content=\"Formaci\u00f3n en Apoyo Vital Inmediato SVI Con obtenci\u00f3n de Certificado Oficial del Consejo Espa\u00f1ol de Resucitaci\u00f3n Cardiopulmonar\/ Consejo Catal\u00e1n de Resuscitaci\u00f3n, con [&hellip;]\" \/>\n<meta property=\"og:url\" content=\"https:\/\/batega.es\/formaciones\/formacion-en-soporte-vital-inmediato\" \/>\n<meta property=\"og:site_name\" content=\"Batega\" \/>\n<meta property=\"article:publisher\" content=\"https:\/\/x.com\/i\/flow\/login?redirect_after_login=bategaelteucor\" \/>\n<meta property=\"article:modified_time\" content=\"2025-02-10T15:56:41+00:00\" \/>\n<meta property=\"og:image\" content=\"https:\/\/batega.es\/wp-content\/uploads\/2024\/09\/SVB-DEA-scaled-1.jpg\" \/>\n\t<meta property=\"og:image:width\" content=\"1364\" \/>\n\t<meta property=\"og:image:height\" content=\"2048\" \/>\n\t<meta property=\"og:image:type\" content=\"image\/jpeg\" \/>\n<meta name=\"twitter:card\" content=\"summary_large_image\" \/>\n<meta name=\"twitter:site\" content=\"@bategaelteucor\" \/>\n<meta name=\"twitter:label1\" content=\"Tiempo de lectura\" \/>\n\t<meta name=\"twitter:data1\" content=\"1 minuto\" \/>\n<script type=\"application\/ld+json\" class=\"yoast-schema-graph\">{\"@context\":\"https:\\\/\\\/schema.org\",\"@graph\":[{\"@type\":\"WebPage\",\"@id\":\"https:\\\/\\\/batega.es\\\/formaciones\\\/formacion-en-soporte-vital-inmediato\",\"url\":\"https:\\\/\\\/batega.es\\\/formaciones\\\/formacion-en-soporte-vital-inmediato\",\"name\":\"Formaci\u00f3n en Soporte Vital Inmediato - Batega\",\"isPartOf\":{\"@id\":\"https:\\\/\\\/batega.es\\\/#website\"},\"primaryImageOfPage\":{\"@id\":\"https:\\\/\\\/batega.es\\\/formaciones\\\/formacion-en-soporte-vital-inmediato#primaryimage\"},\"image\":{\"@id\":\"https:\\\/\\\/batega.es\\\/formaciones\\\/formacion-en-soporte-vital-inmediato#primaryimage\"},\"thumbnailUrl\":\"https:\\\/\\\/batega.es\\\/wp-content\\\/uploads\\\/2024\\\/09\\\/SVB-DEA-scaled-1-682x1024.jpg\",\"datePublished\":\"2024-05-21T07:51:38+00:00\",\"dateModified\":\"2025-02-10T15:56:41+00:00\",\"breadcrumb\":{\"@id\":\"https:\\\/\\\/batega.es\\\/formaciones\\\/formacion-en-soporte-vital-inmediato#breadcrumb\"},\"inLanguage\":\"es\",\"potentialAction\":[{\"@type\":\"ReadAction\",\"target\":[\"https:\\\/\\\/batega.es\\\/formaciones\\\/formacion-en-soporte-vital-inmediato\"]}]},{\"@type\":\"ImageObject\",\"inLanguage\":\"es\",\"@id\":\"https:\\\/\\\/batega.es\\\/formaciones\\\/formacion-en-soporte-vital-inmediato#primaryimage\",\"url\":\"https:\\\/\\\/batega.es\\\/wp-content\\\/uploads\\\/2024\\\/09\\\/SVB-DEA-scaled-1-682x1024.jpg\",\"contentUrl\":\"https:\\\/\\\/batega.es\\\/wp-content\\\/uploads\\\/2024\\\/09\\\/SVB-DEA-scaled-1-682x1024.jpg\"},{\"@type\":\"BreadcrumbList\",\"@id\":\"https:\\\/\\\/batega.es\\\/formaciones\\\/formacion-en-soporte-vital-inmediato#breadcrumb\",\"itemListElement\":[{\"@type\":\"ListItem\",\"position\":1,\"name\":\"Inici\",\"item\":\"https:\\\/\\\/batega.es\\\/\"},{\"@type\":\"ListItem\",\"position\":2,\"name\":\"Formaciones\",\"item\":\"https:\\\/\\\/batega.es\\\/es\\\/formaciones\"},{\"@type\":\"ListItem\",\"position\":3,\"name\":\"Formaci\u00f3n en Soporte Vital Inmediato\"}]},{\"@type\":\"WebSite\",\"@id\":\"https:\\\/\\\/batega.es\\\/#website\",\"url\":\"https:\\\/\\\/batega.es\\\/\",\"name\":\"Batega\",\"description\":\"\",\"publisher\":{\"@id\":\"https:\\\/\\\/batega.es\\\/#organization\"},\"potentialAction\":[{\"@type\":\"SearchAction\",\"target\":{\"@type\":\"EntryPoint\",\"urlTemplate\":\"https:\\\/\\\/batega.es\\\/?s={search_term_string}\"},\"query-input\":{\"@type\":\"PropertyValueSpecification\",\"valueRequired\":true,\"valueName\":\"search_term_string\"}}],\"inLanguage\":\"es\"},{\"@type\":\"Organization\",\"@id\":\"https:\\\/\\\/batega.es\\\/#organization\",\"name\":\"Batega\",\"url\":\"https:\\\/\\\/batega.es\\\/\",\"logo\":{\"@type\":\"ImageObject\",\"inLanguage\":\"es\",\"@id\":\"https:\\\/\\\/batega.es\\\/#\\\/schema\\\/logo\\\/image\\\/\",\"url\":\"https:\\\/\\\/batega.es\\\/wp-content\\\/uploads\\\/2024\\\/05\\\/header-logo-1.png\",\"contentUrl\":\"https:\\\/\\\/batega.es\\\/wp-content\\\/uploads\\\/2024\\\/05\\\/header-logo-1.png\",\"width\":306,\"height\":145,\"caption\":\"Batega\"},\"image\":{\"@id\":\"https:\\\/\\\/batega.es\\\/#\\\/schema\\\/logo\\\/image\\\/\"},\"sameAs\":[\"https:\\\/\\\/x.com\\\/i\\\/flow\\\/login?redirect_after_login=bategaelteucor\",\"https:\\\/\\\/x.com\\\/bategaelteucor\",\"https:\\\/\\\/www.linkedin.com\\\/company\\\/batega-electromdica-s-l\\\/?originalSubdomain=es\",\"https:\\\/\\\/www.instagram.com\\\/batega_cardioproteccio\\\/\"]}]}<\/script>\n<!-- \/ Yoast SEO plugin. -->","yoast_head_json":{"title":"Formaci\u00f3n en Soporte Vital Inmediato - Batega","robots":{"index":"index","follow":"follow","max-snippet":"max-snippet:-1","max-image-preview":"max-image-preview:large","max-video-preview":"max-video-preview:-1"},"canonical":"https:\/\/batega.es\/formaciones\/formacion-en-soporte-vital-inmediato","og_locale":"es_ES","og_type":"article","og_title":"Formaci\u00f3n en Soporte Vital Inmediato - Batega","og_description":"Formaci\u00f3n en Apoyo Vital Inmediato SVI Con obtenci\u00f3n de Certificado Oficial del Consejo Espa\u00f1ol de Resucitaci\u00f3n Cardiopulmonar\/ Consejo Catal\u00e1n de Resuscitaci\u00f3n, con [&hellip;]","og_url":"https:\/\/batega.es\/formaciones\/formacion-en-soporte-vital-inmediato","og_site_name":"Batega","article_publisher":"https:\/\/x.com\/i\/flow\/login?redirect_after_login=bategaelteucor","article_modified_time":"2025-02-10T15:56:41+00:00","og_image":[{"width":1364,"height":2048,"url":"https:\/\/batega.es\/wp-content\/uploads\/2024\/09\/SVB-DEA-scaled-1.jpg","type":"image\/jpeg"}],"twitter_card":"summary_large_image","twitter_site":"@bategaelteucor","twitter_misc":{"Tiempo de lectura":"1 minuto"},"schema":{"@context":"https:\/\/schema.org","@graph":[{"@type":"WebPage","@id":"https:\/\/batega.es\/formaciones\/formacion-en-soporte-vital-inmediato","url":"https:\/\/batega.es\/formaciones\/formacion-en-soporte-vital-inmediato","name":"Formaci\u00f3n en Soporte Vital Inmediato - Batega","isPartOf":{"@id":"https:\/\/batega.es\/#website"},"primaryImageOfPage":{"@id":"https:\/\/batega.es\/formaciones\/formacion-en-soporte-vital-inmediato#primaryimage"},"image":{"@id":"https:\/\/batega.es\/formaciones\/formacion-en-soporte-vital-inmediato#primaryimage"},"thumbnailUrl":"https:\/\/batega.es\/wp-content\/uploads\/2024\/09\/SVB-DEA-scaled-1-682x1024.jpg","datePublished":"2024-05-21T07:51:38+00:00","dateModified":"2025-02-10T15:56:41+00:00","breadcrumb":{"@id":"https:\/\/batega.es\/formaciones\/formacion-en-soporte-vital-inmediato#breadcrumb"},"inLanguage":"es","potentialAction":[{"@type":"ReadAction","target":["https:\/\/batega.es\/formaciones\/formacion-en-soporte-vital-inmediato"]}]},{"@type":"ImageObject","inLanguage":"es","@id":"https:\/\/batega.es\/formaciones\/formacion-en-soporte-vital-inmediato#primaryimage","url":"https:\/\/batega.es\/wp-content\/uploads\/2024\/09\/SVB-DEA-scaled-1-682x1024.jpg","contentUrl":"https:\/\/batega.es\/wp-content\/uploads\/2024\/09\/SVB-DEA-scaled-1-682x1024.jpg"},{"@type":"BreadcrumbList","@id":"https:\/\/batega.es\/formaciones\/formacion-en-soporte-vital-inmediato#breadcrumb","itemListElement":[{"@type":"ListItem","position":1,"name":"Inici","item":"https:\/\/batega.es\/"},{"@type":"ListItem","position":2,"name":"Formaciones","item":"https:\/\/batega.es\/es\/formaciones"},{"@type":"ListItem","position":3,"name":"Formaci\u00f3n en Soporte Vital Inmediato"}]},{"@type":"WebSite","@id":"https:\/\/batega.es\/#website","url":"https:\/\/batega.es\/","name":"Batega","description":"","publisher":{"@id":"https:\/\/batega.es\/#organization"},"potentialAction":[{"@type":"SearchAction","target":{"@type":"EntryPoint","urlTemplate":"https:\/\/batega.es\/?s={search_term_string}"},"query-input":{"@type":"PropertyValueSpecification","valueRequired":true,"valueName":"search_term_string"}}],"inLanguage":"es"},{"@type":"Organization","@id":"https:\/\/batega.es\/#organization","name":"Batega","url":"https:\/\/batega.es\/","logo":{"@type":"ImageObject","inLanguage":"es","@id":"https:\/\/batega.es\/#\/schema\/logo\/image\/","url":"https:\/\/batega.es\/wp-content\/uploads\/2024\/05\/header-logo-1.png","contentUrl":"https:\/\/batega.es\/wp-content\/uploads\/2024\/05\/header-logo-1.png","width":306,"height":145,"caption":"Batega"},"image":{"@id":"https:\/\/batega.es\/#\/schema\/logo\/image\/"},"sameAs":["https:\/\/x.com\/i\/flow\/login?redirect_after_login=bategaelteucor","https:\/\/x.com\/bategaelteucor","https:\/\/www.linkedin.com\/company\/batega-electromdica-s-l\/?originalSubdomain=es","https:\/\/www.instagram.com\/batega_cardioproteccio\/"]}]}},"_links":{"self":[{"href":"https:\/\/batega.es\/es\/wp-json\/wp\/v2\/pages\/4294","targetHints":{"allow":["GET"]}}],"collection":[{"href":"https:\/\/batega.es\/es\/wp-json\/wp\/v2\/pages"}],"about":[{"href":"https:\/\/batega.es\/es\/wp-json\/wp\/v2\/types\/page"}],"author":[{"embeddable":true,"href":"https:\/\/batega.es\/es\/wp-json\/wp\/v2\/users\/1"}],"replies":[{"embeddable":true,"href":"https:\/\/batega.es\/es\/wp-json\/wp\/v2\/comments?post=4294"}],"version-history":[{"count":16,"href":"https:\/\/batega.es\/es\/wp-json\/wp\/v2\/pages\/4294\/revisions"}],"predecessor-version":[{"id":11551,"href":"https:\/\/batega.es\/es\/wp-json\/wp\/v2\/pages\/4294\/revisions\/11551"}],"up":[{"embeddable":true,"href":"https:\/\/batega.es\/es\/wp-json\/wp\/v2\/pages\/4280"}],"wp:attachment":[{"href":"https:\/\/batega.es\/es\/wp-json\/wp\/v2\/media?parent=4294"}],"curies":[{"name":"wp","href":"https:\/\/api.w.org\/{rel}","templated":true}]}}